{"id":101,"date":"2020-08-17T12:41:20","date_gmt":"2020-08-17T10:41:20","guid":{"rendered":"http:\/\/louatre.fr\/?page_id=101"},"modified":"2020-10-06T12:22:33","modified_gmt":"2020-10-06T10:22:33","slug":"la-municipalite","status":"publish","type":"page","link":"https:\/\/louatre.fr\/?page_id=101","title":{"rendered":"La municipalit\u00e9"},"content":{"rendered":"\n<p class=\"has-vivid-red-color has-text-color\"><em>Retrouvez les informations sur vos \u00e9lus, les compte rendus des conseils municipaux et les diff\u00e9rentes d\u00e9cisions concernant votre commune.<\/em><\/p>\n\n\n\n<h4 class=\"wp-block-heading\"> <\/h4>\n\n\n\n<p><\/p>\n\n\n\n<p><\/p>\n\n\n\n<p class=\"has-normal-font-size\"><\/p>\n","protected":false},"excerpt":{"rendered":"<p>Retrouvez les informations sur vos \u00e9lus, les compte rendus des conseils municipaux et les diff\u00e9rentes d\u00e9cisions concernant votre commune.<\/p>\n","protected":false},"author":1,"featured_media":214,"parent":0,"menu_order":0,"comment_status":"closed","ping_status":"closed","template":"","meta":{"footnotes":""},"aioseo_notices":[],"_links":{"self":[{"href":"https:\/\/louatre.fr\/index.php?rest_route=\/wp\/v2\/pages\/101"}],"collection":[{"href":"https:\/\/louatre.fr\/index.php?rest_route=\/wp\/v2\/pages"}],"about":[{"href":"https:\/\/louatre.fr\/index.php?rest_route=\/wp\/v2\/types\/page"}],"author":[{"embeddable":true,"href":"https:\/\/louatre.fr\/index.php?rest_route=\/wp\/v2\/users\/1"}],"replies":[{"embeddable":true,"href":"https:\/\/louatre.fr\/index.php?rest_route=%2Fwp%2Fv2%2Fcomments&post=101"}],"version-history":[{"count":6,"href":"https:\/\/louatre.fr\/index.php?rest_route=\/wp\/v2\/pages\/101\/revisions"}],"predecessor-version":[{"id":354,"href":"https:\/\/louatre.fr\/index.php?rest_route=\/wp\/v2\/pages\/101\/revisions\/354"}],"wp:featuredmedia":[{"embeddable":true,"href":"https:\/\/louatre.fr\/index.php?rest_route=\/wp\/v2\/media\/214"}],"wp:attachment":[{"href":"https:\/\/louatre.fr\/index.php?rest_route=%2Fwp%2Fv2%2Fmedia&parent=101"}],"curies":[{"name":"wp","href":"https:\/\/api.w.org\/{rel}","templated":true}]}}