{"id":11,"date":"2020-07-22T15:23:20","date_gmt":"2020-07-22T13:23:20","guid":{"rendered":"http:\/\/louatre.fr\/?page_id=11"},"modified":"2020-09-02T18:59:00","modified_gmt":"2020-09-02T16:59:00","slug":"accueil","status":"publish","type":"page","link":"https:\/\/louatre.fr\/","title":{"rendered":"Accueil"},"content":{"rendered":"<p><strong>La commune de Lou\u00e2tre comprend outre le village, 5 hameaux :<\/strong><\/p>\n<p>Catifet, La Falaise, Nadon, La Vall\u00e9e du Gros Ch\u00e8ne et Violaine.<\/p>\n<p><strong>Population :<\/strong> 213 habitants<\/p>\n<p><strong>Surperficie :<\/strong> 1 102 hectares<\/p>\n<p>La commune de Lou\u00e2tre est membre de la communaut\u00e9 de communes Retz-en Valois.<\/p>\n<p><\/p>\n\n\n<figure class=\"wp-block-image size-large\"><a href=\"https:\/\/www.cc-retz-en-valois.fr\"><img decoding=\"async\" loading=\"lazy\" width=\"284\" height=\"227\" src=\"http:\/\/louatre.fr\/wp-content\/uploads\/2020\/08\/RETZ-EN-VALOIS.jpg\" alt=\"\" class=\"wp-image-112\"\/><\/a><figcaption><br><\/figcaption><\/figure>\n\n\n\n<p>Pr\u00e9sentation de la Communaut\u00e9 de Communes Retz-en-Valois :<\/p>\n\n\n\n<div class=\"wp-block-file\"><a href=\"http:\/\/louatre.fr\/wp-content\/uploads\/2020\/08\/Communaute\u0301-de-communes-Retz-en-Valois.pdf\">Communaute\u0301-de-communes-Retz-en-Valois<\/a><a href=\"http:\/\/louatre.fr\/wp-content\/uploads\/2020\/08\/Communaute\u0301-de-communes-Retz-en-Valois.pdf\" class=\"wp-block-file__button\" download>T\u00e9l\u00e9charger<\/a><\/div>\n\n\n\n<figure class=\"wp-block-image size-large\"><img decoding=\"async\" loading=\"lazy\" width=\"862\" height=\"686\" src=\"http:\/\/louatre.fr\/wp-content\/uploads\/2020\/09\/CARTE.png\" alt=\"\" class=\"wp-image-269\" srcset=\"https:\/\/louatre.fr\/wp-content\/uploads\/2020\/09\/CARTE.png 862w, https:\/\/louatre.fr\/wp-content\/uploads\/2020\/09\/CARTE-300x239.png 300w, https:\/\/louatre.fr\/wp-content\/uploads\/2020\/09\/CARTE-768x611.png 768w\" sizes=\"(max-width: 767px) 89vw, (max-width: 1000px) 54vw, (max-width: 1071px) 543px, 580px\" \/><figcaption><em>\u00a9<\/em> Donn\u00e9es cartographiques IGN<br><\/figcaption><\/figure>\n","protected":false},"excerpt":{"rendered":"<p>La commune de Lou\u00e2tre comprend outre le village, 5 hameaux : Catifet, La Falaise, Nadon, La Vall\u00e9e du Gros Ch\u00e8ne et Violaine. Population : 213 habitants Surperficie : 1 102 hectares La commune de Lou\u00e2tre est membre de la communaut\u00e9 de communes Retz-en Valois. Pr\u00e9sentation de la Communaut\u00e9 de Communes Retz-en-Valois :<\/p>\n","protected":false},"author":1,"featured_media":215,"parent":0,"menu_order":0,"comment_status":"closed","ping_status":"closed","template":"","meta":{"footnotes":""},"aioseo_notices":[],"_links":{"self":[{"href":"https:\/\/louatre.fr\/index.php?rest_route=\/wp\/v2\/pages\/11"}],"collection":[{"href":"https:\/\/louatre.fr\/index.php?rest_route=\/wp\/v2\/pages"}],"about":[{"href":"https:\/\/louatre.fr\/index.php?rest_route=\/wp\/v2\/types\/page"}],"author":[{"embeddable":true,"href":"https:\/\/louatre.fr\/index.php?rest_route=\/wp\/v2\/users\/1"}],"replies":[{"embeddable":true,"href":"https:\/\/louatre.fr\/index.php?rest_route=%2Fwp%2Fv2%2Fcomments&post=11"}],"version-history":[{"count":11,"href":"https:\/\/louatre.fr\/index.php?rest_route=\/wp\/v2\/pages\/11\/revisions"}],"predecessor-version":[{"id":270,"href":"https:\/\/louatre.fr\/index.php?rest_route=\/wp\/v2\/pages\/11\/revisions\/270"}],"wp:featuredmedia":[{"embeddable":true,"href":"https:\/\/louatre.fr\/index.php?rest_route=\/wp\/v2\/media\/215"}],"wp:attachment":[{"href":"https:\/\/louatre.fr\/index.php?rest_route=%2Fwp%2Fv2%2Fmedia&parent=11"}],"curies":[{"name":"wp","href":"https:\/\/api.w.org\/{rel}","templated":true}]}}