{"id":125,"date":"2020-08-23T11:47:59","date_gmt":"2020-08-23T09:47:59","guid":{"rendered":"http:\/\/louatre.fr\/?page_id=125"},"modified":"2022-09-16T10:47:51","modified_gmt":"2022-09-16T08:47:51","slug":"comptes-rendus-des-conseils-municipaux","status":"publish","type":"page","link":"https:\/\/louatre.fr\/?page_id=125","title":{"rendered":"Compte rendus des conseils municipaux"},"content":{"rendered":"\n<p>Compte rendu du 11 juin 2022 :<\/p>\n\n\n\n<div class=\"wp-block-file\"><a href=\"http:\/\/louatre.fr\/wp-content\/uploads\/2022\/09\/Compte-rendu-du-CM-du-11-juin-2022.pdf\">Compte-rendu-du-CM-du-11-juin-2022<\/a><a href=\"http:\/\/louatre.fr\/wp-content\/uploads\/2022\/09\/Compte-rendu-du-CM-du-11-juin-2022.pdf\" class=\"wp-block-file__button\" download>T\u00e9l\u00e9charger<\/a><\/div>\n\n\n\n<p>D\u00e9lib\u00e9rations :<\/p>\n\n\n\n<div class=\"wp-block-file\"><a href=\"http:\/\/louatre.fr\/wp-content\/uploads\/2022\/09\/de-017-2022-vote-credit-sup.pdf\">de-017-2022-vote-credit-sup<\/a><a href=\"http:\/\/louatre.fr\/wp-content\/uploads\/2022\/09\/de-017-2022-vote-credit-sup.pdf\" class=\"wp-block-file__button\" download>T\u00e9l\u00e9charger<\/a><\/div>\n\n\n\n<div class=\"wp-block-file\"><a href=\"http:\/\/louatre.fr\/wp-content\/uploads\/2022\/09\/de-018-2022-modification-statuts-du-sisser.pdf\">de-018-2022-modification-statuts-du-sisser<\/a><a href=\"http:\/\/louatre.fr\/wp-content\/uploads\/2022\/09\/de-018-2022-modification-statuts-du-sisser.pdf\" class=\"wp-block-file__button\" download>T\u00e9l\u00e9charger<\/a><\/div>\n\n\n\n<div class=\"wp-block-file\"><a href=\"http:\/\/louatre.fr\/wp-content\/uploads\/2022\/09\/de-019-2022-cloture-convention-sivom.pdf\">de-019-2022-cloture-convention-sivom<\/a><a href=\"http:\/\/louatre.fr\/wp-content\/uploads\/2022\/09\/de-019-2022-cloture-convention-sivom.pdf\" class=\"wp-block-file__button\" download>T\u00e9l\u00e9charger<\/a><\/div>\n\n\n\n<div class=\"wp-block-file\"><a href=\"http:\/\/louatre.fr\/wp-content\/uploads\/2022\/09\/de-020-2022-regle-de-publication-des-actes.pdf\">de-020-2022-regle-de-publication-des-actes<\/a><a href=\"http:\/\/louatre.fr\/wp-content\/uploads\/2022\/09\/de-020-2022-regle-de-publication-des-actes.pdf\" class=\"wp-block-file__button\" download>T\u00e9l\u00e9charger<\/a><\/div>\n\n\n\n<div class=\"wp-block-file\"><a href=\"http:\/\/louatre.fr\/wp-content\/uploads\/2022\/09\/de-021-2022-projet-eolien-louatre.pdf\">de-021-2022-projet-eolien-louatre<\/a><a href=\"http:\/\/louatre.fr\/wp-content\/uploads\/2022\/09\/de-021-2022-projet-eolien-louatre.pdf\" class=\"wp-block-file__button\" download>T\u00e9l\u00e9charger<\/a><\/div>\n\n\n\n<div class=\"wp-block-file\"><a href=\"http:\/\/louatre.fr\/wp-content\/uploads\/2022\/09\/de-022-2022-ajout-ordre-du-jour.pdf\">de-022-2022-ajout-ordre-du-jour<\/a><a href=\"http:\/\/louatre.fr\/wp-content\/uploads\/2022\/09\/de-022-2022-ajout-ordre-du-jour.pdf\" class=\"wp-block-file__button\" download>T\u00e9l\u00e9charger<\/a><\/div>\n\n\n\n<div class=\"wp-block-file\"><a href=\"http:\/\/louatre.fr\/wp-content\/uploads\/2022\/09\/de-023-2022-projet-parc-eolien-du-ru-garnier.pdf\">de-023-2022-projet-parc-eolien-du-ru-garnier<\/a><a href=\"http:\/\/louatre.fr\/wp-content\/uploads\/2022\/09\/de-023-2022-projet-parc-eolien-du-ru-garnier.pdf\" class=\"wp-block-file__button\" download>T\u00e9l\u00e9charger<\/a><\/div>\n\n\n\n<p>Compte rendu du 2 avril 2022 :<\/p>\n\n\n\n<div class=\"wp-block-file\"><a href=\"http:\/\/louatre.fr\/wp-content\/uploads\/2022\/06\/cr-du-02.04.2022.pdf\">cr-du-02.04.2022<\/a><a href=\"http:\/\/louatre.fr\/wp-content\/uploads\/2022\/06\/cr-du-02.04.2022.pdf\" class=\"wp-block-file__button\" download>T\u00e9l\u00e9charger<\/a><\/div>\n\n\n\n<p>D\u00e9lib\u00e9rations :<\/p>\n\n\n\n<div class=\"wp-block-file\"><a href=\"http:\/\/louatre.fr\/wp-content\/uploads\/2022\/09\/acceptation-detr-mise-en-place-chaudiere.pdf\">acceptation-detr-mise-en-place-chaudiere<\/a><a href=\"http:\/\/louatre.fr\/wp-content\/uploads\/2022\/09\/acceptation-detr-mise-en-place-chaudiere.pdf\" class=\"wp-block-file__button\" download>T\u00e9l\u00e9charger<\/a><\/div>\n\n\n\n<div class=\"wp-block-file\"><a href=\"http:\/\/louatre.fr\/wp-content\/uploads\/2022\/09\/acceptation-fdc-deplacement-borne-incendie.pdf\">acceptation-fdc-deplacement-borne-incendie<\/a><a href=\"http:\/\/louatre.fr\/wp-content\/uploads\/2022\/09\/acceptation-fdc-deplacement-borne-incendie.pdf\" class=\"wp-block-file__button\" download>T\u00e9l\u00e9charger<\/a><\/div>\n\n\n\n<div class=\"wp-block-file\"><a href=\"http:\/\/louatre.fr\/wp-content\/uploads\/2022\/09\/acceptation-fdc-salle-polyvalente.pdf\">acceptation-fdc-salle-polyvalente<\/a><a href=\"http:\/\/louatre.fr\/wp-content\/uploads\/2022\/09\/acceptation-fdc-salle-polyvalente.pdf\" class=\"wp-block-file__button\" download>T\u00e9l\u00e9charger<\/a><\/div>\n\n\n\n<div class=\"wp-block-file\"><a href=\"http:\/\/louatre.fr\/wp-content\/uploads\/2022\/09\/affectation-du-re\u0301sultats.pdf\">affectation-du-re\u0301sultats<\/a><a href=\"http:\/\/louatre.fr\/wp-content\/uploads\/2022\/09\/affectation-du-re\u0301sultats.pdf\" class=\"wp-block-file__button\" download>T\u00e9l\u00e9charger<\/a><\/div>\n\n\n\n<div class=\"wp-block-file\"><a href=\"http:\/\/louatre.fr\/wp-content\/uploads\/2022\/09\/budget-primitif-2022.pdf\">budget-primitif-2022<\/a><a href=\"http:\/\/louatre.fr\/wp-content\/uploads\/2022\/09\/budget-primitif-2022.pdf\" class=\"wp-block-file__button\" download>T\u00e9l\u00e9charger<\/a><\/div>\n\n\n\n<div class=\"wp-block-file\"><a href=\"http:\/\/louatre.fr\/wp-content\/uploads\/2022\/09\/de-010-2022-affectation-du-re\u0301sultat.pdf\">de-010-2022-affectation-du-re\u0301sultat<\/a><a href=\"http:\/\/louatre.fr\/wp-content\/uploads\/2022\/09\/de-010-2022-affectation-du-re\u0301sultat.pdf\" class=\"wp-block-file__button\" download>T\u00e9l\u00e9charger<\/a><\/div>\n\n\n\n<div class=\"wp-block-file\"><a href=\"http:\/\/louatre.fr\/wp-content\/uploads\/2022\/09\/etat-1259.pdf\">etat-1259<\/a><a href=\"http:\/\/louatre.fr\/wp-content\/uploads\/2022\/09\/etat-1259.pdf\" class=\"wp-block-file__button\" download>T\u00e9l\u00e9charger<\/a><\/div>\n\n\n\n<div class=\"wp-block-file\"><a href=\"http:\/\/louatre.fr\/wp-content\/uploads\/2022\/09\/modification-tarif-salle-poly.pdf\">modification-tarif-salle-poly<\/a><a href=\"http:\/\/louatre.fr\/wp-content\/uploads\/2022\/09\/modification-tarif-salle-poly.pdf\" class=\"wp-block-file__button\" download>T\u00e9l\u00e9charger<\/a><\/div>\n\n\n\n<div class=\"wp-block-file\"><a href=\"http:\/\/louatre.fr\/wp-content\/uploads\/2022\/09\/vote-des-taxes.pdf\">vote-des-taxes<\/a><a href=\"http:\/\/louatre.fr\/wp-content\/uploads\/2022\/09\/vote-des-taxes.pdf\" class=\"wp-block-file__button\" download>T\u00e9l\u00e9charger<\/a><\/div>\n\n\n\n<div class=\"wp-block-file\"><a href=\"http:\/\/louatre.fr\/wp-content\/uploads\/2022\/09\/vote-du-compte-administratif-2021.pdf\">vote-du-compte-administratif-2021<\/a><a href=\"http:\/\/louatre.fr\/wp-content\/uploads\/2022\/09\/vote-du-compte-administratif-2021.pdf\" class=\"wp-block-file__button\" download>T\u00e9l\u00e9charger<\/a><\/div>\n\n\n\n<div class=\"wp-block-file\"><a href=\"http:\/\/louatre.fr\/wp-content\/uploads\/2022\/09\/vote-du-compte-de-gestion.pdf\">vote-du-compte-de-gestion<\/a><a href=\"http:\/\/louatre.fr\/wp-content\/uploads\/2022\/09\/vote-du-compte-de-gestion.pdf\" class=\"wp-block-file__button\" download>T\u00e9l\u00e9charger<\/a><\/div>\n\n\n\n<p>Compte rendu du 24 f\u00e9vrier 2022 :<\/p>\n\n\n\n<div class=\"wp-block-file\"><a href=\"http:\/\/louatre.fr\/wp-content\/uploads\/2022\/06\/cr-du-24.02.2022-signe\u0301.pdf\">cr-du-24.02.2022-signe\u0301<\/a><a href=\"http:\/\/louatre.fr\/wp-content\/uploads\/2022\/06\/cr-du-24.02.2022-signe\u0301.pdf\" class=\"wp-block-file__button\" download>T\u00e9l\u00e9charger<\/a><\/div>\n\n\n\n<p>D\u00e9lib\u00e9rations :<\/p>\n\n\n\n<div class=\"wp-block-file\"><a href=\"http:\/\/louatre.fr\/wp-content\/uploads\/2022\/09\/DE-002-2022-me\u0301decine-pre\u0301ventive.pdf\">DE-002-2022-me\u0301decine-pre\u0301ventive<\/a><a href=\"http:\/\/louatre.fr\/wp-content\/uploads\/2022\/09\/DE-002-2022-me\u0301decine-pre\u0301ventive.pdf\" class=\"wp-block-file__button\" download>T\u00e9l\u00e9charger<\/a><\/div>\n\n\n\n<div class=\"wp-block-file\"><a href=\"http:\/\/louatre.fr\/wp-content\/uploads\/2022\/09\/DE-004-2022-re\u0301mune\u0301ration-agence-immobilie\u0300re.pdf\">DE-004-2022-re\u0301mune\u0301ration-agence-immobilie\u0300re<\/a><a href=\"http:\/\/louatre.fr\/wp-content\/uploads\/2022\/09\/DE-004-2022-re\u0301mune\u0301ration-agence-immobilie\u0300re.pdf\" class=\"wp-block-file__button\" download>T\u00e9l\u00e9charger<\/a><\/div>\n\n\n\n<div class=\"wp-block-file\"><a href=\"http:\/\/louatre.fr\/wp-content\/uploads\/2022\/09\/DE-006-2022-de\u0301penses-a\u0300-imputer-au-compte-6232.pdf\">DE-006-2022-de\u0301penses-a\u0300-imputer-au-compte-6232<\/a><a href=\"http:\/\/louatre.fr\/wp-content\/uploads\/2022\/09\/DE-006-2022-de\u0301penses-a\u0300-imputer-au-compte-6232.pdf\" class=\"wp-block-file__button\" download>T\u00e9l\u00e9charger<\/a><\/div>\n\n\n\n<div class=\"wp-block-file\"><a href=\"http:\/\/louatre.fr\/wp-content\/uploads\/2022\/09\/DE-007-2022-modification-tarifs-location.pdf\">DE-007-2022-modification-tarifs-location<\/a><a href=\"http:\/\/louatre.fr\/wp-content\/uploads\/2022\/09\/DE-007-2022-modification-tarifs-location.pdf\" class=\"wp-block-file__button\" download>T\u00e9l\u00e9charger<\/a><\/div>\n\n\n\n<p>Compte rendu du 5 d\u00e9cembre 2021:<\/p>\n\n\n\n<div class=\"wp-block-file\"><a href=\"http:\/\/louatre.fr\/wp-content\/uploads\/2022\/09\/CR-du-5-decembre-2020.pdf\">CR-du-5-decembre-2020<\/a><a href=\"http:\/\/louatre.fr\/wp-content\/uploads\/2022\/09\/CR-du-5-decembre-2020.pdf\" class=\"wp-block-file__button\" download>T\u00e9l\u00e9charger<\/a><\/div>\n\n\n\n<p>Compte rendu du 24 septembre  2021 :<\/p>\n\n\n\n<div class=\"wp-block-file\"><a href=\"http:\/\/louatre.fr\/wp-content\/uploads\/2022\/02\/CR-24.09.2021.pdf\">CR-24.09.2021<\/a><a href=\"http:\/\/louatre.fr\/wp-content\/uploads\/2022\/02\/CR-24.09.2021.pdf\" class=\"wp-block-file__button\" download>T\u00e9l\u00e9charger<\/a><\/div>\n\n\n\n<p>Compte rendu du 27 ao\u00fbt 2021 :<\/p>\n\n\n\n<div class=\"wp-block-file\"><a href=\"http:\/\/louatre.fr\/wp-content\/uploads\/2022\/02\/CR-27.08.2021.pdf\">CR-27.08.2021<\/a><a href=\"http:\/\/louatre.fr\/wp-content\/uploads\/2022\/02\/CR-27.08.2021.pdf\" class=\"wp-block-file__button\" download>T\u00e9l\u00e9charger<\/a><\/div>\n\n\n\n<p>Compte rendu du 3 juillet 2021 :<\/p>\n\n\n\n<div class=\"wp-block-file\"><a href=\"http:\/\/louatre.fr\/wp-content\/uploads\/2021\/09\/CM-du-3-juillet-2021-1.pdf\">CM-du-3-juillet-2021-1<\/a><a href=\"http:\/\/louatre.fr\/wp-content\/uploads\/2021\/09\/CM-du-3-juillet-2021-1.pdf\" class=\"wp-block-file__button\" download>T\u00e9l\u00e9charger<\/a><\/div>\n\n\n\n<p>Compte rendu du 28 mai 2021 :<\/p>\n\n\n\n<div class=\"wp-block-file\"><a href=\"http:\/\/louatre.fr\/wp-content\/uploads\/2021\/09\/CM-du-28-mai-2021.pdf\">CM-du-28-mai-2021<\/a><a href=\"http:\/\/louatre.fr\/wp-content\/uploads\/2021\/09\/CM-du-28-mai-2021.pdf\" class=\"wp-block-file__button\" download>T\u00e9l\u00e9charger<\/a><\/div>\n\n\n\n<p>Compte rendu du 27 mars 2021 :<\/p>\n\n\n\n<div class=\"wp-block-file\"><a href=\"http:\/\/louatre.fr\/wp-content\/uploads\/2021\/06\/CR-du-27-03-2021.pdf\">CR-du-27-03-2021<\/a><a href=\"http:\/\/louatre.fr\/wp-content\/uploads\/2021\/06\/CR-du-27-03-2021.pdf\" class=\"wp-block-file__button\" download>T\u00e9l\u00e9charger<\/a><\/div>\n\n\n\n<p>Compte rendu du 5 D\u00e9cembre 2020 :<\/p>\n\n\n\n<div class=\"wp-block-file\"><a href=\"http:\/\/louatre.fr\/wp-content\/uploads\/2021\/02\/CR-du-5-decembre-2020.pdf\">CR-du-5-decembre-2020<\/a><a href=\"http:\/\/louatre.fr\/wp-content\/uploads\/2021\/02\/CR-du-5-decembre-2020.pdf\" class=\"wp-block-file__button\" download>T\u00e9l\u00e9charger<\/a><\/div>\n\n\n\n<p>Compte rendu du 14 Septembre 2020 :<\/p>\n\n\n\n<div class=\"wp-block-file\"><a href=\"http:\/\/louatre.fr\/wp-content\/uploads\/2021\/02\/CR-14-septembre-2020-1.pdf\">CR-14-septembre-2020-1<\/a><a href=\"http:\/\/louatre.fr\/wp-content\/uploads\/2021\/02\/CR-14-septembre-2020-1.pdf\" class=\"wp-block-file__button\" download>T\u00e9l\u00e9charger<\/a><\/div>\n\n\n\n<p>Compte rendu du 10 Juillet 2020 :<\/p>\n\n\n\n<div class=\"wp-block-file\"><a href=\"http:\/\/louatre.fr\/wp-content\/uploads\/2020\/08\/CR-du-10-juillet-2020.pdf\">CR-du-10-juillet-2020<\/a><a href=\"http:\/\/louatre.fr\/wp-content\/uploads\/2020\/08\/CR-du-10-juillet-2020.pdf\" class=\"wp-block-file__button\" download>T\u00e9l\u00e9charger<\/a><\/div>\n\n\n\n<p>Compte rendu du 15 Juin 2020 :<\/p>\n\n\n\n<div class=\"wp-block-file\"><a href=\"http:\/\/louatre.fr\/wp-content\/uploads\/2020\/08\/CR-du-15-juin-2020-1.pdf\">CR-du-15-juin-2020-1<\/a><a href=\"http:\/\/louatre.fr\/wp-content\/uploads\/2020\/08\/CR-du-15-juin-2020-1.pdf\" class=\"wp-block-file__button\" download>T\u00e9l\u00e9charger<\/a><\/div>\n\n\n\n<p>Compte rendu du 25 mai 2020 :<\/p>\n\n\n\n<div class=\"wp-block-file\"><a href=\"http:\/\/louatre.fr\/wp-content\/uploads\/2020\/08\/CR-du-25-mai-2020.pdf\">CR-du-25-mai-2020<\/a><a href=\"http:\/\/louatre.fr\/wp-content\/uploads\/2020\/08\/CR-du-25-mai-2020.pdf\" class=\"wp-block-file__button\" download>T\u00e9l\u00e9charger<\/a><\/div>\n\n\n\n<p><\/p>\n","protected":false},"excerpt":{"rendered":"<p>Compte rendu du 11 juin 2022 : D\u00e9lib\u00e9rations : Compte rendu du 2 avril 2022 : D\u00e9lib\u00e9rations : Compte rendu du 24 f\u00e9vrier 2022 : D\u00e9lib\u00e9rations : Compte rendu du 5 d\u00e9cembre 2021: Compte rendu du 24 septembre 2021 : Compte rendu du 27 ao\u00fbt 2021 : Compte rendu du 3 juillet 2021 : Compte &hellip; <\/p>\n<p class=\"link-more\"><a href=\"https:\/\/louatre.fr\/?page_id=125\" class=\"more-link\">Continuer la lecture<span class=\"screen-reader-text\"> de &laquo;&nbsp;Compte rendus des conseils municipaux&nbsp;&raquo;<\/span><\/a><\/p>\n","protected":false},"author":1,"featured_media":0,"parent":0,"menu_order":0,"comment_status":"closed","ping_status":"closed","template":"","meta":{"footnotes":""},"aioseo_notices":[],"_links":{"self":[{"href":"https:\/\/louatre.fr\/index.php?rest_route=\/wp\/v2\/pages\/125"}],"collection":[{"href":"https:\/\/louatre.fr\/index.php?rest_route=\/wp\/v2\/pages"}],"about":[{"href":"https:\/\/louatre.fr\/index.php?rest_route=\/wp\/v2\/types\/page"}],"author":[{"embeddable":true,"href":"https:\/\/louatre.fr\/index.php?rest_route=\/wp\/v2\/users\/1"}],"replies":[{"embeddable":true,"href":"https:\/\/louatre.fr\/index.php?rest_route=%2Fwp%2Fv2%2Fcomments&post=125"}],"version-history":[{"count":13,"href":"https:\/\/louatre.fr\/index.php?rest_route=\/wp\/v2\/pages\/125\/revisions"}],"predecessor-version":[{"id":814,"href":"https:\/\/louatre.fr\/index.php?rest_route=\/wp\/v2\/pages\/125\/revisions\/814"}],"wp:attachment":[{"href":"https:\/\/louatre.fr\/index.php?rest_route=%2Fwp%2Fv2%2Fmedia&parent=125"}],"curies":[{"name":"wp","href":"https:\/\/api.w.org\/{rel}","templated":true}]}}