{"id":139,"date":"2020-08-25T10:26:24","date_gmt":"2020-08-25T08:26:24","guid":{"rendered":"http:\/\/louatre.fr\/?page_id=139"},"modified":"2020-10-06T12:21:58","modified_gmt":"2020-10-06T10:21:58","slug":"vivre-ensemble","status":"publish","type":"page","link":"https:\/\/louatre.fr\/?page_id=139","title":{"rendered":"Vivre ensemble"},"content":{"rendered":"\n<p class=\"has-vivid-red-color has-text-color\"><em>Ici, vous trouverez les r\u00e8gles et les \u00e9l\u00e9ments qui permettent \u00e0 tous de vivre ensemble \u00e0 Lou\u00e2tre.<\/em><\/p>\n","protected":false},"excerpt":{"rendered":"<p>Ici, vous trouverez les r\u00e8gles et les \u00e9l\u00e9ments qui permettent \u00e0 tous de vivre ensemble \u00e0 Lou\u00e2tre.<\/p>\n","protected":false},"author":1,"featured_media":17,"parent":0,"menu_order":0,"comment_status":"closed","ping_status":"closed","template":"","meta":{"footnotes":""},"aioseo_notices":[],"_links":{"self":[{"href":"https:\/\/louatre.fr\/index.php?rest_route=\/wp\/v2\/pages\/139"}],"collection":[{"href":"https:\/\/louatre.fr\/index.php?rest_route=\/wp\/v2\/pages"}],"about":[{"href":"https:\/\/louatre.fr\/index.php?rest_route=\/wp\/v2\/types\/page"}],"author":[{"embeddable":true,"href":"https:\/\/louatre.fr\/index.php?rest_route=\/wp\/v2\/users\/1"}],"replies":[{"embeddable":true,"href":"https:\/\/louatre.fr\/index.php?rest_route=%2Fwp%2Fv2%2Fcomments&post=139"}],"version-history":[{"count":3,"href":"https:\/\/louatre.fr\/index.php?rest_route=\/wp\/v2\/pages\/139\/revisions"}],"predecessor-version":[{"id":353,"href":"https:\/\/louatre.fr\/index.php?rest_route=\/wp\/v2\/pages\/139\/revisions\/353"}],"wp:featuredmedia":[{"embeddable":true,"href":"https:\/\/louatre.fr\/index.php?rest_route=\/wp\/v2\/media\/17"}],"wp:attachment":[{"href":"https:\/\/louatre.fr\/index.php?rest_route=%2Fwp%2Fv2%2Fmedia&parent=139"}],"curies":[{"name":"wp","href":"https:\/\/api.w.org\/{rel}","templated":true}]}}