{"id":142,"date":"2020-08-25T10:28:43","date_gmt":"2020-08-25T08:28:43","guid":{"rendered":"http:\/\/louatre.fr\/?page_id=142"},"modified":"2020-08-25T10:52:23","modified_gmt":"2020-08-25T08:52:23","slug":"vos-elus","status":"publish","type":"page","link":"https:\/\/louatre.fr\/?page_id=142","title":{"rendered":"Vos \u00e9lus"},"content":{"rendered":"\n<figure class=\"wp-block-image size-large\"><img decoding=\"async\" loading=\"lazy\" width=\"498\" height=\"624\" src=\"http:\/\/louatre.fr\/wp-content\/uploads\/2020\/08\/Capture-d\u2019e\u0301cran-2020-05-27-a\u0300-14.03.53.png\" alt=\"\" class=\"wp-image-98\" srcset=\"https:\/\/louatre.fr\/wp-content\/uploads\/2020\/08\/Capture-d\u2019e\u0301cran-2020-05-27-a\u0300-14.03.53.png 498w, https:\/\/louatre.fr\/wp-content\/uploads\/2020\/08\/Capture-d\u2019e\u0301cran-2020-05-27-a\u0300-14.03.53-239x300.png 239w\" sizes=\"(max-width: 498px) 100vw, 498px\" \/><\/figure>\n\n\n\n<h4 class=\"wp-block-heading\" id=\"block-c362afda-82e4-46de-a2f8-aa87935b30f1\"><strong>Christelle JULLIEN &#8211; AMAGBEGNON<\/strong><\/h4>\n\n\n\n<p id=\"block-b0f048f2-f92f-46cd-82fa-ceaa0558ebe9\"><em>Maire<\/em><\/p>\n\n\n\n<p id=\"block-974e106e-6672-4879-9389-b9a635f5b412\"><strong>Annie VANCAUWENBERGE<\/strong><\/p>\n\n\n\n<p id=\"block-1d82c263-7cce-4df2-b6c4-ca31ce0ede09\"><em>1er Adjoint<\/em><\/p>\n\n\n\n<p class=\"has-small-font-size\"><strong>Communaut\u00e9 de communes Retz-en-Valois :<\/strong> Suppl\u00e9ante<\/p>\n\n\n\n<p class=\"has-small-font-size\"><strong>SISSER :<\/strong> R\u00e9pr\u00e9sentante<\/p>\n\n\n\n<p id=\"block-aea54de9-293d-4bd3-88eb-46d122f42d0d\"><strong>Jean &#8211; Pierre PLOUCHART<\/strong><\/p>\n\n\n\n<p id=\"block-046166b6-b9a0-4aed-9607-7acf9b0afeeb\"><em>2\u00e8me Adjoint<\/em><\/p>\n\n\n\n<p class=\"has-small-font-size\"><strong>SYNDICAT DU BASSIN VERSANT DE L&rsquo;OURCQ AMONT ET DU CLIGNON : <\/strong>Repr\u00e9sentant<\/p>\n\n\n\n<p id=\"block-d7acf294-5d86-49f3-b1f7-72d045a5a1d9\"><strong>Philippe LEFEVRE<\/strong><\/p>\n\n\n\n<p id=\"block-7a5c7b11-fcc3-42a2-ae50-1176b026f719\"><em>3\u00e8me Adjoint<\/em><\/p>\n\n\n\n<p class=\"has-small-font-size\"><strong>USEDA : <\/strong>D\u00e9l\u00e9gu\u00e9<\/p>\n\n\n\n<p class=\"has-small-font-size\"><strong>SYNDICAT DU BASSIN VERSANT DE L&rsquo;OURCQ AMONT ET DU CLIGNON : <\/strong>Repr\u00e9sentant<\/p>\n\n\n\n<p id=\"block-4221b2c6-a19b-4d52-9f01-241ad51dc6a8\"><strong>Gilles CURCHOD<\/strong><\/p>\n\n\n\n<p id=\"block-1f7eeb63-619b-4bb9-af31-19e728c73f80\"><em>Conseiller<\/em><\/p>\n\n\n\n<p id=\"block-76a8619a-62f4-4af9-8631-2fe1254a3228\"><strong>Patrick GRYMONPREZ<\/strong><\/p>\n\n\n\n<p id=\"block-5abafda4-b128-4bdf-bea4-d835dd6c06d7\"><em>Conseiller<\/em><\/p>\n\n\n\n<p class=\"has-small-font-size\"><strong>SYNDICAT DU BASSIN VERSANT DE L&rsquo;OURCQ AMONT ET DU CLIGNON : <\/strong>Repr\u00e9sentant<\/p>\n\n\n\n<p id=\"block-b8faff26-2099-494f-aa60-410f3225d938\"><strong>Eric HERMANS<\/strong><\/p>\n\n\n\n<p id=\"block-70d74b34-b5a7-42b5-aa7e-d8c16cb0bcdb\"><em>Conseiller<\/em><\/p>\n\n\n\n<p id=\"block-b3592a74-f23d-4af9-8c5a-b6dca3497bb4\"><strong>Catherine LEFORT<\/strong><\/p>\n\n\n\n<p id=\"block-bb9a7a1e-bfb6-43c8-b827-0a6a653f3ca4\"><em>Conseill\u00e8re<\/em><\/p>\n\n\n\n<p class=\"has-small-font-size\"><strong>SIVOM de la Savi\u00e8re : <\/strong>Repr\u00e9sentante<\/p>\n\n\n\n<p id=\"block-fe9923b8-f8c7-44f7-9fb0-9a2c80786e86\"><strong>Nadia MARTIN<\/strong><\/p>\n\n\n\n<p id=\"block-1dd541d5-dcc7-4666-add5-fe64398eca3e\"><em>Conseill\u00e8re<\/em><\/p>\n\n\n\n<p class=\"has-small-font-size\"><strong>SIVOM de la Savi\u00e8re :<\/strong> Repr\u00e9sentante<\/p>\n\n\n\n<p id=\"block-19b9e0ee-f46b-45f2-b52a-a1c143ce39fe\"><strong>Anselme MAURICE<\/strong><\/p>\n\n\n\n<p id=\"block-f5db30f1-9a25-4b96-ba8a-c98f8669ed4a\"><em>Conseiller<\/em><\/p>\n\n\n\n<p id=\"block-14449cf9-7670-4399-8a4e-bacd627adb51\"><strong>Josiane POISSINGER<\/strong><\/p>\n\n\n\n<p id=\"block-1ac04616-9e93-4178-a278-d5147df17b06\"><em>Conseill\u00e8re<\/em><\/p>\n","protected":false},"excerpt":{"rendered":"<p>Christelle JULLIEN &#8211; AMAGBEGNON Maire Annie VANCAUWENBERGE 1er Adjoint Communaut\u00e9 de communes Retz-en-Valois : Suppl\u00e9ante SISSER : R\u00e9pr\u00e9sentante Jean &#8211; Pierre PLOUCHART 2\u00e8me Adjoint SYNDICAT DU BASSIN VERSANT DE L&rsquo;OURCQ AMONT ET DU CLIGNON : Repr\u00e9sentant Philippe LEFEVRE 3\u00e8me Adjoint USEDA : D\u00e9l\u00e9gu\u00e9 SYNDICAT DU BASSIN VERSANT DE L&rsquo;OURCQ AMONT ET DU CLIGNON : Repr\u00e9sentant &hellip; <\/p>\n<p class=\"link-more\"><a href=\"https:\/\/louatre.fr\/?page_id=142\" class=\"more-link\">Continuer la lecture<span class=\"screen-reader-text\"> de &laquo;&nbsp;Vos \u00e9lus&nbsp;&raquo;<\/span><\/a><\/p>\n","protected":false},"author":1,"featured_media":0,"parent":0,"menu_order":0,"comment_status":"closed","ping_status":"closed","template":"","meta":{"footnotes":""},"aioseo_notices":[],"_links":{"self":[{"href":"https:\/\/louatre.fr\/index.php?rest_route=\/wp\/v2\/pages\/142"}],"collection":[{"href":"https:\/\/louatre.fr\/index.php?rest_route=\/wp\/v2\/pages"}],"about":[{"href":"https:\/\/louatre.fr\/index.php?rest_route=\/wp\/v2\/types\/page"}],"author":[{"embeddable":true,"href":"https:\/\/louatre.fr\/index.php?rest_route=\/wp\/v2\/users\/1"}],"replies":[{"embeddable":true,"href":"https:\/\/louatre.fr\/index.php?rest_route=%2Fwp%2Fv2%2Fcomments&post=142"}],"version-history":[{"count":3,"href":"https:\/\/louatre.fr\/index.php?rest_route=\/wp\/v2\/pages\/142\/revisions"}],"predecessor-version":[{"id":147,"href":"https:\/\/louatre.fr\/index.php?rest_route=\/wp\/v2\/pages\/142\/revisions\/147"}],"wp:attachment":[{"href":"https:\/\/louatre.fr\/index.php?rest_route=%2Fwp%2Fv2%2Fmedia&parent=142"}],"curies":[{"name":"wp","href":"https:\/\/api.w.org\/{rel}","templated":true}]}}