{"id":149,"date":"2020-08-25T10:55:48","date_gmt":"2020-08-25T08:55:48","guid":{"rendered":"http:\/\/louatre.fr\/?page_id=149"},"modified":"2021-06-15T09:24:08","modified_gmt":"2021-06-15T07:24:08","slug":"travaux-et-jardinage","status":"publish","type":"page","link":"https:\/\/louatre.fr\/?page_id=149","title":{"rendered":"Travaux de bricolage et jardinage"},"content":{"rendered":"\n<p class=\"has-normal-font-size\"><strong>Br\u00fblage de d\u00e9chets verts et v\u00e9g\u00e9taux :<\/strong><\/p>\n\n\n\n<p>Depuis la publication de la circulaire du 18 Novembre 2011, il est strictement interdit de br\u00fbler les d\u00e9chets verts et\/ou des v\u00e9g\u00e9taux. Aucun d\u00e9rogation n&rsquo;est possible.<\/p>\n\n\n\n<div class=\"wp-block-file\"><a href=\"http:\/\/louatre.fr\/wp-content\/uploads\/2020\/08\/circulaire-brulage-dechets-verts.pdf\">circulaire-brulage-dechets-verts<\/a><a href=\"http:\/\/louatre.fr\/wp-content\/uploads\/2020\/08\/circulaire-brulage-dechets-verts.pdf\" class=\"wp-block-file__button\" download>T\u00e9l\u00e9charger<\/a><\/div>\n\n\n\n<p><strong>Horaires des travaux de bricolage et de jardinage :<\/strong><\/p>\n\n\n\n<p>Pour la tranquillit\u00e9 de tous, les travaux de bricolage et de jardinage sont autoris\u00e9s dans les tranches horaires suivantes :<\/p>\n\n\n\n<p>Du lundi au vendredi de 8h00 \u00e0 12h00 et de 13h30 \u00e0 19h00<\/p>\n\n\n\n<p>Le samedi de 8h30 \u00e0 12h00 et de 14h30 \u00e0 19h00<\/p>\n\n\n\n<p>Le Dimanche et jours f\u00e9ri\u00e9s de 10h00 \u00e0 12h00<\/p>\n\n\n\n<div class=\"wp-block-file\"><a href=\"http:\/\/louatre.fr\/wp-content\/uploads\/2021\/06\/Arre\u0302te\u0301-03-2021-1.pdf\">Arre\u0302te\u0301-03-2021-1<\/a><a href=\"http:\/\/louatre.fr\/wp-content\/uploads\/2021\/06\/Arre\u0302te\u0301-03-2021-1.pdf\" class=\"wp-block-file__button\" download>T\u00e9l\u00e9charger<\/a><\/div>\n\n\n\n<p><\/p>\n\n\n\n<p><\/p>\n","protected":false},"excerpt":{"rendered":"<p>Br\u00fblage de d\u00e9chets verts et v\u00e9g\u00e9taux : Depuis la publication de la circulaire du 18 Novembre 2011, il est strictement interdit de br\u00fbler les d\u00e9chets verts et\/ou des v\u00e9g\u00e9taux. Aucun d\u00e9rogation n&rsquo;est possible. Horaires des travaux de bricolage et de jardinage : Pour la tranquillit\u00e9 de tous, les travaux de bricolage et de jardinage sont &hellip; <\/p>\n<p class=\"link-more\"><a href=\"https:\/\/louatre.fr\/?page_id=149\" class=\"more-link\">Continuer la lecture<span class=\"screen-reader-text\"> de &laquo;&nbsp;Travaux de bricolage et jardinage&nbsp;&raquo;<\/span><\/a><\/p>\n","protected":false},"author":1,"featured_media":0,"parent":0,"menu_order":0,"comment_status":"closed","ping_status":"closed","template":"","meta":{"footnotes":""},"aioseo_notices":[],"_links":{"self":[{"href":"https:\/\/louatre.fr\/index.php?rest_route=\/wp\/v2\/pages\/149"}],"collection":[{"href":"https:\/\/louatre.fr\/index.php?rest_route=\/wp\/v2\/pages"}],"about":[{"href":"https:\/\/louatre.fr\/index.php?rest_route=\/wp\/v2\/types\/page"}],"author":[{"embeddable":true,"href":"https:\/\/louatre.fr\/index.php?rest_route=\/wp\/v2\/users\/1"}],"replies":[{"embeddable":true,"href":"https:\/\/louatre.fr\/index.php?rest_route=%2Fwp%2Fv2%2Fcomments&post=149"}],"version-history":[{"count":3,"href":"https:\/\/louatre.fr\/index.php?rest_route=\/wp\/v2\/pages\/149\/revisions"}],"predecessor-version":[{"id":632,"href":"https:\/\/louatre.fr\/index.php?rest_route=\/wp\/v2\/pages\/149\/revisions\/632"}],"wp:attachment":[{"href":"https:\/\/louatre.fr\/index.php?rest_route=%2Fwp%2Fv2%2Fmedia&parent=149"}],"curies":[{"name":"wp","href":"https:\/\/api.w.org\/{rel}","templated":true}]}}