{"id":15,"date":"2020-07-22T15:23:20","date_gmt":"2020-07-22T13:23:20","guid":{"rendered":"http:\/\/louatre.fr\/?page_id=15"},"modified":"2020-09-02T19:01:35","modified_gmt":"2020-09-02T17:01:35","slug":"une-section-de-page-daccueil","status":"publish","type":"page","link":"https:\/\/louatre.fr\/?page_id=15","title":{"rendered":"Notre histoire"},"content":{"rendered":"\n<figure class=\"wp-block-gallery columns-1 is-cropped wp-block-gallery-1 is-layout-flex wp-block-gallery-is-layout-flex\"><ul class=\"blocks-gallery-grid\"><li class=\"blocks-gallery-item\"><figure><img decoding=\"async\" loading=\"lazy\" width=\"780\" height=\"512\" src=\"http:\/\/louatre.fr\/wp-content\/uploads\/2020\/07\/ECOLE-ET-EGLISE-2.jpg\" alt=\"\" data-id=\"73\" data-link=\"http:\/\/louatre.fr\/?attachment_id=73\" class=\"wp-image-73\" srcset=\"https:\/\/louatre.fr\/wp-content\/uploads\/2020\/07\/ECOLE-ET-EGLISE-2.jpg 780w, https:\/\/louatre.fr\/wp-content\/uploads\/2020\/07\/ECOLE-ET-EGLISE-2-300x197.jpg 300w, https:\/\/louatre.fr\/wp-content\/uploads\/2020\/07\/ECOLE-ET-EGLISE-2-768x504.jpg 768w\" sizes=\"(max-width: 767px) 89vw, (max-width: 1000px) 54vw, (max-width: 1071px) 543px, 580px\" \/><\/figure><\/li><li class=\"blocks-gallery-item\"><figure><img decoding=\"async\" loading=\"lazy\" width=\"1642\" height=\"1056\" src=\"http:\/\/louatre.fr\/wp-content\/uploads\/2020\/07\/LA-FALAISE.jpg\" alt=\"\" data-id=\"74\" data-link=\"http:\/\/louatre.fr\/?attachment_id=74\" class=\"wp-image-74\" srcset=\"https:\/\/louatre.fr\/wp-content\/uploads\/2020\/07\/LA-FALAISE.jpg 1642w, https:\/\/louatre.fr\/wp-content\/uploads\/2020\/07\/LA-FALAISE-300x193.jpg 300w, https:\/\/louatre.fr\/wp-content\/uploads\/2020\/07\/LA-FALAISE-1024x659.jpg 1024w, https:\/\/louatre.fr\/wp-content\/uploads\/2020\/07\/LA-FALAISE-768x494.jpg 768w, https:\/\/louatre.fr\/wp-content\/uploads\/2020\/07\/LA-FALAISE-1536x988.jpg 1536w\" sizes=\"(max-width: 767px) 89vw, (max-width: 1000px) 54vw, (max-width: 1071px) 543px, 580px\" \/><\/figure><\/li><li class=\"blocks-gallery-item\"><figure><img decoding=\"async\" loading=\"lazy\" width=\"988\" height=\"616\" src=\"http:\/\/louatre.fr\/wp-content\/uploads\/2020\/07\/LA-RUE-DE-LOUATRE.jpg\" alt=\"\" data-id=\"76\" data-link=\"http:\/\/louatre.fr\/?attachment_id=76\" class=\"wp-image-76\" srcset=\"https:\/\/louatre.fr\/wp-content\/uploads\/2020\/07\/LA-RUE-DE-LOUATRE.jpg 988w, https:\/\/louatre.fr\/wp-content\/uploads\/2020\/07\/LA-RUE-DE-LOUATRE-300x187.jpg 300w, https:\/\/louatre.fr\/wp-content\/uploads\/2020\/07\/LA-RUE-DE-LOUATRE-768x479.jpg 768w\" sizes=\"(max-width: 767px) 89vw, (max-width: 1000px) 54vw, (max-width: 1071px) 543px, 580px\" \/><\/figure><\/li><li class=\"blocks-gallery-item\"><figure><img decoding=\"async\" loading=\"lazy\" width=\"818\" height=\"512\" src=\"http:\/\/louatre.fr\/wp-content\/uploads\/2020\/07\/La-vall\u00e9e-grosch\u00eane.jpg\" alt=\"\" data-id=\"80\" data-full-url=\"http:\/\/louatre.fr\/wp-content\/uploads\/2020\/07\/La-vall\u00e9e-grosch\u00eane.jpg\" data-link=\"http:\/\/louatre.fr\/?attachment_id=80\" class=\"wp-image-80\" srcset=\"https:\/\/louatre.fr\/wp-content\/uploads\/2020\/07\/La-vall\u00e9e-grosch\u00eane.jpg 818w, https:\/\/louatre.fr\/wp-content\/uploads\/2020\/07\/La-vall\u00e9e-grosch\u00eane-300x188.jpg 300w, https:\/\/louatre.fr\/wp-content\/uploads\/2020\/07\/La-vall\u00e9e-grosch\u00eane-768x481.jpg 768w\" sizes=\"(max-width: 767px) 89vw, (max-width: 1000px) 54vw, (max-width: 1071px) 543px, 580px\" \/><\/figure><\/li><\/ul><\/figure>\n\n\n<p>Une \u00e9glise du XII et XVIe si\u00e8cle, class\u00e9e monument historique, l&rsquo;ancienne maison seigneuriale de Jean d&rsquo;Estr\u00e9es, Grand Ma\u00eetre de l&rsquo;artillerie en 1550, le fief du D\u00e9sert ou la petite ferme, les lavoirs&#8230; Plusieurs raisons pour visiter un village authentique \u00e0 la lisi\u00e8re de la for\u00eat de Retz.<\/p>\n\n\n<h2 class=\"wp-block-heading\"><strong>La situation de Lou\u00e2tre :<\/strong><\/h2>\n\n\n\n<p>La configuration du territoire de Lou\u00e2tre plac\u00e9 \u00e0 l&rsquo;extr\u00e9mit\u00e9 d&rsquo;une ar\u00eate de collines dont les trois versants vont de fondre dans des vallons rafra\u00eechis d&rsquo;eaux vives explique l&rsquo;\u00e9clatement du village : Lou\u00e2tre et le hameau de Violaine sont plac\u00e9s sur la hauteur tandis que huit \u00e9carts, d&rsquo;importance in\u00e9gale ont recherch\u00e9 la proximit\u00e9 des ruisseaux. Les deux principaux cours d&rsquo;eau sont la Savi\u00e8re et Nadon.<\/p>\n\n\n\n<figure class=\"wp-block-image size-large\"><img decoding=\"async\" loading=\"lazy\" width=\"852\" height=\"683\" src=\"http:\/\/louatre.fr\/wp-content\/uploads\/2020\/09\/Carte-de-cassini-1744.png\" alt=\"\" class=\"wp-image-271\" srcset=\"https:\/\/louatre.fr\/wp-content\/uploads\/2020\/09\/Carte-de-cassini-1744.png 852w, https:\/\/louatre.fr\/wp-content\/uploads\/2020\/09\/Carte-de-cassini-1744-300x240.png 300w, https:\/\/louatre.fr\/wp-content\/uploads\/2020\/09\/Carte-de-cassini-1744-768x616.png 768w\" sizes=\"(max-width: 767px) 89vw, (max-width: 1000px) 54vw, (max-width: 1071px) 543px, 580px\" \/><figcaption>Carte Cassini &#8211; 1744<\/figcaption><\/figure>\n\n\n\n<p>Ainsi par sa ceinture verdoyante, par les vastes horizons sur le soissonnais de nord, sur l&rsquo;Orxois au sud qui se d\u00e9couvrent de ses cr\u00eates strat\u00e9giques, Lou\u00e2tre ne manque ni de vari\u00e9t\u00e9 ni de pittoresque.<\/p>\n\n\n\n<p><em><span class=\"has-inline-color has-cyan-bluish-gray-color\">\u00a9ARCHITECTURES, Canton de Villers-Cotter\u00eats, Association pour la g\u00e9n\u00e9ralisation de l&rsquo;inventaire r\u00e9gional en Picardie (1986).<\/span><\/em><\/p>\n\n\n\n<figure class=\"wp-block-image size-large\"><img decoding=\"async\" loading=\"lazy\" width=\"550\" height=\"458\" src=\"http:\/\/louatre.fr\/wp-content\/uploads\/2020\/09\/CARTE-ETAT-MAJOR-1820-1866.jpg\" alt=\"\" class=\"wp-image-272\" srcset=\"https:\/\/louatre.fr\/wp-content\/uploads\/2020\/09\/CARTE-ETAT-MAJOR-1820-1866.jpg 550w, https:\/\/louatre.fr\/wp-content\/uploads\/2020\/09\/CARTE-ETAT-MAJOR-1820-1866-300x250.jpg 300w\" sizes=\"(max-width: 550px) 100vw, 550px\" \/><figcaption>Carte Etat Major 1820-1866<\/figcaption><\/figure>\n\n\n\n<p class=\"has-medium-font-size\"><strong>Lostria, Loistria, Loistris, Loystres, Loistres, Louastre, Loatre, Loastre&#8230;.<\/strong><\/p>\n\n\n\n<p>Avant de devenir Lou\u00e2tre, notre commune a \u00e9t\u00e9 r\u00e9pertori\u00e9e sous diff\u00e9rentes d\u00e9nominations :<\/p>\n\n\n\n<figure class=\"wp-block-image size-large\"><img decoding=\"async\" loading=\"lazy\" width=\"639\" height=\"313\" src=\"http:\/\/louatre.fr\/wp-content\/uploads\/2020\/08\/Capture-de\u0301cran-2020-08-19-a\u0300-18.07.41.png\" alt=\"\" class=\"wp-image-132\" srcset=\"https:\/\/louatre.fr\/wp-content\/uploads\/2020\/08\/Capture-de\u0301cran-2020-08-19-a\u0300-18.07.41.png 639w, https:\/\/louatre.fr\/wp-content\/uploads\/2020\/08\/Capture-de\u0301cran-2020-08-19-a\u0300-18.07.41-300x147.png 300w\" sizes=\"(max-width: 639px) 100vw, 639px\" \/><\/figure>\n\n\n\n<p class=\"has-cyan-bluish-gray-color has-text-color\"><em><span class=\"has-inline-color has-cyan-bluish-gray-color\">\u00a9 DICTIONNAIRE TOPOGRAPHIQUE DU DEPARTEMENT DE L&rsquo;AISNE, comprenant les noms de lieu anciens et modernes, r\u00e9dig\u00e9 sous LES AUSPICES DE LA SOCIETE ACADEMIQUES DE LAON par M. Auguste MATTON, membre de cette soci\u00e9t\u00e9, correspondant du Minist\u00e8re de l&rsquo;Instruction Publiqu<\/span><\/em>e, archiviste du d\u00e9partement. Paris, Imprimerie Nationale, M DCCC LXXI (1871).<\/p>\n\n\n\n<figure class=\"wp-block-image size-large\"><img decoding=\"async\" loading=\"lazy\" width=\"350\" height=\"444\" src=\"http:\/\/louatre.fr\/wp-content\/uploads\/2020\/08\/Capture-de\u0301cran-2020-08-23-a\u0300-12.19.27.png\" alt=\"\" class=\"wp-image-135\" srcset=\"https:\/\/louatre.fr\/wp-content\/uploads\/2020\/08\/Capture-de\u0301cran-2020-08-23-a\u0300-12.19.27.png 350w, https:\/\/louatre.fr\/wp-content\/uploads\/2020\/08\/Capture-de\u0301cran-2020-08-23-a\u0300-12.19.27-236x300.png 236w\" sizes=\"(max-width: 350px) 100vw, 350px\" \/><\/figure>\n\n\n\n<figure class=\"wp-block-image size-large\"><img decoding=\"async\" loading=\"lazy\" width=\"583\" height=\"500\" src=\"http:\/\/louatre.fr\/wp-content\/uploads\/2020\/09\/LOUATRE.png\" alt=\"\" class=\"wp-image-247\" srcset=\"https:\/\/louatre.fr\/wp-content\/uploads\/2020\/09\/LOUATRE.png 583w, https:\/\/louatre.fr\/wp-content\/uploads\/2020\/09\/LOUATRE-300x257.png 300w\" sizes=\"(max-width: 583px) 100vw, 583px\" \/><\/figure>\n\n\n\n<figure class=\"wp-block-image size-large\"><img decoding=\"async\" loading=\"lazy\" width=\"412\" height=\"597\" src=\"http:\/\/louatre.fr\/wp-content\/uploads\/2020\/09\/Capture-de\u0301cran-2020-08-19-a\u0300-11.33.00.png\" alt=\"\" class=\"wp-image-248\" srcset=\"https:\/\/louatre.fr\/wp-content\/uploads\/2020\/09\/Capture-de\u0301cran-2020-08-19-a\u0300-11.33.00.png 412w, https:\/\/louatre.fr\/wp-content\/uploads\/2020\/09\/Capture-de\u0301cran-2020-08-19-a\u0300-11.33.00-207x300.png 207w\" sizes=\"(max-width: 412px) 100vw, 412px\" \/><figcaption><em>\u00a9 DICTIONNAIRE HISTORIQUE DU DEPARTEMENT DE  L&rsquo;AISNE, par MELLEVILLE, 1865.<\/em><\/figcaption><\/figure>\n","protected":false},"excerpt":{"rendered":"<p>Une \u00e9glise du XII et XVIe si\u00e8cle, class\u00e9e monument historique, l&rsquo;ancienne maison seigneuriale de Jean d&rsquo;Estr\u00e9es, Grand Ma\u00eetre de l&rsquo;artillerie en 1550, le fief du D\u00e9sert ou la petite ferme, les lavoirs&#8230; Plusieurs raisons pour visiter un village authentique \u00e0 la lisi\u00e8re de la for\u00eat de Retz. La situation de Lou\u00e2tre : La configuration du &hellip; <\/p>\n<p class=\"link-more\"><a href=\"https:\/\/louatre.fr\/?page_id=15\" class=\"more-link\">Continuer la lecture<span class=\"screen-reader-text\"> de &laquo;&nbsp;Notre histoire&nbsp;&raquo;<\/span><\/a><\/p>\n","protected":false},"author":1,"featured_media":49,"parent":0,"menu_order":0,"comment_status":"closed","ping_status":"closed","template":"","meta":{"footnotes":""},"aioseo_notices":[],"_links":{"self":[{"href":"https:\/\/louatre.fr\/index.php?rest_route=\/wp\/v2\/pages\/15"}],"collection":[{"href":"https:\/\/louatre.fr\/index.php?rest_route=\/wp\/v2\/pages"}],"about":[{"href":"https:\/\/louatre.fr\/index.php?rest_route=\/wp\/v2\/types\/page"}],"author":[{"embeddable":true,"href":"https:\/\/louatre.fr\/index.php?rest_route=\/wp\/v2\/users\/1"}],"replies":[{"embeddable":true,"href":"https:\/\/louatre.fr\/index.php?rest_route=%2Fwp%2Fv2%2Fcomments&post=15"}],"version-history":[{"count":12,"href":"https:\/\/louatre.fr\/index.php?rest_route=\/wp\/v2\/pages\/15\/revisions"}],"predecessor-version":[{"id":273,"href":"https:\/\/louatre.fr\/index.php?rest_route=\/wp\/v2\/pages\/15\/revisions\/273"}],"wp:featuredmedia":[{"embeddable":true,"href":"https:\/\/louatre.fr\/index.php?rest_route=\/wp\/v2\/media\/49"}],"wp:attachment":[{"href":"https:\/\/louatre.fr\/index.php?rest_route=%2Fwp%2Fv2%2Fmedia&parent=15"}],"curies":[{"name":"wp","href":"https:\/\/api.w.org\/{rel}","templated":true}]}}