{"id":155,"date":"2020-08-26T11:56:20","date_gmt":"2020-08-26T09:56:20","guid":{"rendered":"http:\/\/louatre.fr\/?page_id=155"},"modified":"2020-10-06T12:21:19","modified_gmt":"2020-10-06T10:21:19","slug":"demarches-administratives","status":"publish","type":"page","link":"https:\/\/louatre.fr\/?page_id=155","title":{"rendered":"D\u00e9marches administratives"},"content":{"rendered":"\n<p><span class=\"has-inline-color has-vivid-red-color\"><em>Scolarit\u00e9, pi\u00e8ces d&rsquo;identit\u00e9, autorisation de travaux, permis de construire&#8230; <\/em><\/span><\/p>\n\n\n\n<p><\/p>\n","protected":false},"excerpt":{"rendered":"<p>Scolarit\u00e9, pi\u00e8ces d&rsquo;identit\u00e9, autorisation de travaux, permis de construire&#8230;<\/p>\n","protected":false},"author":1,"featured_media":0,"parent":0,"menu_order":0,"comment_status":"closed","ping_status":"closed","template":"","meta":{"footnotes":""},"aioseo_notices":[],"_links":{"self":[{"href":"https:\/\/louatre.fr\/index.php?rest_route=\/wp\/v2\/pages\/155"}],"collection":[{"href":"https:\/\/louatre.fr\/index.php?rest_route=\/wp\/v2\/pages"}],"about":[{"href":"https:\/\/louatre.fr\/index.php?rest_route=\/wp\/v2\/types\/page"}],"author":[{"embeddable":true,"href":"https:\/\/louatre.fr\/index.php?rest_route=\/wp\/v2\/users\/1"}],"replies":[{"embeddable":true,"href":"https:\/\/louatre.fr\/index.php?rest_route=%2Fwp%2Fv2%2Fcomments&post=155"}],"version-history":[{"count":2,"href":"https:\/\/louatre.fr\/index.php?rest_route=\/wp\/v2\/pages\/155\/revisions"}],"predecessor-version":[{"id":352,"href":"https:\/\/louatre.fr\/index.php?rest_route=\/wp\/v2\/pages\/155\/revisions\/352"}],"wp:attachment":[{"href":"https:\/\/louatre.fr\/index.php?rest_route=%2Fwp%2Fv2%2Fmedia&parent=155"}],"curies":[{"name":"wp","href":"https:\/\/api.w.org\/{rel}","templated":true}]}}