{"id":158,"date":"2020-08-26T12:05:40","date_gmt":"2020-08-26T10:05:40","guid":{"rendered":"http:\/\/louatre.fr\/?page_id=158"},"modified":"2020-08-26T12:05:40","modified_gmt":"2020-08-26T10:05:40","slug":"scolarite","status":"publish","type":"page","link":"https:\/\/louatre.fr\/?page_id=158","title":{"rendered":"Scolarit\u00e9"},"content":{"rendered":"\n<p>De la maternelle au CM2, Lou\u00e2tre d\u00e9pend du Syndicat Intercommunal de la Vall\u00e9e de la Savi\u00e8re.<\/p>\n\n\n\n<p>Les enfants sont accueillis \u00e0 l&rsquo;\u00e9cole de Corcy et Longpont. <\/p>\n\n\n\n<p>La cantine scolaire est install\u00e9e dans la salle polyvalente de Lou\u00e2tre.<\/p>\n\n\n\n<p>Un ramassage scolaire est pr\u00e9vu \u00e0 Lou\u00e2tre et ses hameaux pour acheminer les enfants dans les \u00e9coles et la cantine.<\/p>\n\n\n\n<p>Les inscriptions se font directement au SIVOM \u00e0 la mairie de Longpont.<\/p>\n\n\n\n<p>Le lundi de 14h00 \u00e0 18h00.<\/p>\n\n\n\n<p>En dehors de ces heures d&rsquo;ouverture, vous pouvez le contactez par mail : sivom@wanadoo.fr<\/p>\n\n\n\n<p>ou par t\u00e9l\u00e9phone :<\/p>\n\n\n\n<p>Mairie de Longpont : 03 23 72 41 68<\/p>\n\n\n\n<p>Ang\u00e9lique PAYEN, secr\u00e9taire : 07 88 05 22 41<\/p>\n\n\n\n<p>Gilles DAVALAN, Pr\u00e9sident du SIVOM et Maire de Longpont : 06 16 91 94 74<\/p>\n\n\n\n<p><\/p>\n","protected":false},"excerpt":{"rendered":"<p>De la maternelle au CM2, Lou\u00e2tre d\u00e9pend du Syndicat Intercommunal de la Vall\u00e9e de la Savi\u00e8re. Les enfants sont accueillis \u00e0 l&rsquo;\u00e9cole de Corcy et Longpont. La cantine scolaire est install\u00e9e dans la salle polyvalente de Lou\u00e2tre. Un ramassage scolaire est pr\u00e9vu \u00e0 Lou\u00e2tre et ses hameaux pour acheminer les enfants dans les \u00e9coles et &hellip; <\/p>\n<p class=\"link-more\"><a href=\"https:\/\/louatre.fr\/?page_id=158\" class=\"more-link\">Continuer la lecture<span class=\"screen-reader-text\"> de &laquo;&nbsp;Scolarit\u00e9&nbsp;&raquo;<\/span><\/a><\/p>\n","protected":false},"author":1,"featured_media":0,"parent":0,"menu_order":0,"comment_status":"closed","ping_status":"closed","template":"","meta":{"footnotes":""},"aioseo_notices":[],"_links":{"self":[{"href":"https:\/\/louatre.fr\/index.php?rest_route=\/wp\/v2\/pages\/158"}],"collection":[{"href":"https:\/\/louatre.fr\/index.php?rest_route=\/wp\/v2\/pages"}],"about":[{"href":"https:\/\/louatre.fr\/index.php?rest_route=\/wp\/v2\/types\/page"}],"author":[{"embeddable":true,"href":"https:\/\/louatre.fr\/index.php?rest_route=\/wp\/v2\/users\/1"}],"replies":[{"embeddable":true,"href":"https:\/\/louatre.fr\/index.php?rest_route=%2Fwp%2Fv2%2Fcomments&post=158"}],"version-history":[{"count":1,"href":"https:\/\/louatre.fr\/index.php?rest_route=\/wp\/v2\/pages\/158\/revisions"}],"predecessor-version":[{"id":160,"href":"https:\/\/louatre.fr\/index.php?rest_route=\/wp\/v2\/pages\/158\/revisions\/160"}],"wp:attachment":[{"href":"https:\/\/louatre.fr\/index.php?rest_route=%2Fwp%2Fv2%2Fmedia&parent=158"}],"curies":[{"name":"wp","href":"https:\/\/api.w.org\/{rel}","templated":true}]}}