{"id":174,"date":"2020-08-26T12:55:54","date_gmt":"2020-08-26T10:55:54","guid":{"rendered":"http:\/\/louatre.fr\/?page_id=174"},"modified":"2020-08-26T12:55:54","modified_gmt":"2020-08-26T10:55:54","slug":"autorisation-de-travaux-et-permis-de-construire","status":"publish","type":"page","link":"https:\/\/louatre.fr\/?page_id=174","title":{"rendered":"Autorisation de travaux et permis de construire"},"content":{"rendered":"\n<p>Les dossiers sont \u00e0 d\u00e9pos\u00e9s en mairie.<\/p>\n\n\n\n<p>Vous pouvez consulter ce site concernant vos projets et les d\u00e9marches administratives :<\/p>\n\n\n\n<p><a rel=\"noreferrer noopener\" href=\"https:\/\/www.service-public.fr\/particuliers\/vosdroits\/N319\" target=\"_blank\">https:\/\/www.service-public.fr\/particuliers\/vosdroits\/N319<\/a><\/p>\n\n\n\n<figure class=\"wp-block-image size-large\"><img decoding=\"async\" loading=\"lazy\" width=\"430\" height=\"142\" src=\"http:\/\/louatre.fr\/wp-content\/uploads\/2020\/08\/Capture-de\u0301cran-2020-08-26-a\u0300-12.51.51.png\" alt=\"\" class=\"wp-image-175\" srcset=\"https:\/\/louatre.fr\/wp-content\/uploads\/2020\/08\/Capture-de\u0301cran-2020-08-26-a\u0300-12.51.51.png 430w, https:\/\/louatre.fr\/wp-content\/uploads\/2020\/08\/Capture-de\u0301cran-2020-08-26-a\u0300-12.51.51-300x99.png 300w\" sizes=\"(max-width: 430px) 100vw, 430px\" \/><\/figure>\n\n\n\n<p>Vous pouvez \u00e9galement consulter ce document \u00e9dit\u00e9 par la Communaut\u00e9 de Communes Retz en Valois :<\/p>\n\n\n\n<div class=\"wp-block-file\"><a href=\"http:\/\/louatre.fr\/wp-content\/uploads\/2020\/08\/Guide-a\u0300-le\u0301laboration-dune-de\u0301claration-pre\u0301alable-de-travaux.pdf\">Guide-a\u0300-le\u0301laboration-dune-de\u0301claration-pre\u0301alable-de-travaux<\/a><a href=\"http:\/\/louatre.fr\/wp-content\/uploads\/2020\/08\/Guide-a\u0300-le\u0301laboration-dune-de\u0301claration-pre\u0301alable-de-travaux.pdf\" class=\"wp-block-file__button\" download>T\u00e9l\u00e9charger<\/a><\/div>\n\n\n\n<p><\/p>\n","protected":false},"excerpt":{"rendered":"<p>Les dossiers sont \u00e0 d\u00e9pos\u00e9s en mairie. Vous pouvez consulter ce site concernant vos projets et les d\u00e9marches administratives : https:\/\/www.service-public.fr\/particuliers\/vosdroits\/N319 Vous pouvez \u00e9galement consulter ce document \u00e9dit\u00e9 par la Communaut\u00e9 de Communes Retz en Valois :<\/p>\n","protected":false},"author":1,"featured_media":0,"parent":0,"menu_order":0,"comment_status":"closed","ping_status":"closed","template":"","meta":{"footnotes":""},"aioseo_notices":[],"_links":{"self":[{"href":"https:\/\/louatre.fr\/index.php?rest_route=\/wp\/v2\/pages\/174"}],"collection":[{"href":"https:\/\/louatre.fr\/index.php?rest_route=\/wp\/v2\/pages"}],"about":[{"href":"https:\/\/louatre.fr\/index.php?rest_route=\/wp\/v2\/types\/page"}],"author":[{"embeddable":true,"href":"https:\/\/louatre.fr\/index.php?rest_route=\/wp\/v2\/users\/1"}],"replies":[{"embeddable":true,"href":"https:\/\/louatre.fr\/index.php?rest_route=%2Fwp%2Fv2%2Fcomments&post=174"}],"version-history":[{"count":1,"href":"https:\/\/louatre.fr\/index.php?rest_route=\/wp\/v2\/pages\/174\/revisions"}],"predecessor-version":[{"id":178,"href":"https:\/\/louatre.fr\/index.php?rest_route=\/wp\/v2\/pages\/174\/revisions\/178"}],"wp:attachment":[{"href":"https:\/\/louatre.fr\/index.php?rest_route=%2Fwp%2Fv2%2Fmedia&parent=174"}],"curies":[{"name":"wp","href":"https:\/\/api.w.org\/{rel}","templated":true}]}}