{"id":190,"date":"2020-08-31T15:32:15","date_gmt":"2020-08-31T13:32:15","guid":{"rendered":"http:\/\/louatre.fr\/?page_id=190"},"modified":"2020-09-15T17:01:34","modified_gmt":"2020-09-15T15:01:34","slug":"leglise","status":"publish","type":"page","link":"https:\/\/louatre.fr\/?page_id=190","title":{"rendered":"L&rsquo;\u00e9glise"},"content":{"rendered":"\n<figure class=\"wp-block-image size-large\"><img decoding=\"async\" loading=\"lazy\" width=\"1024\" height=\"768\" src=\"http:\/\/louatre.fr\/wp-content\/uploads\/2020\/08\/IMG_5957-1024x768.jpg\" alt=\"\" class=\"wp-image-191\" srcset=\"https:\/\/louatre.fr\/wp-content\/uploads\/2020\/08\/IMG_5957-1024x768.jpg 1024w, https:\/\/louatre.fr\/wp-content\/uploads\/2020\/08\/IMG_5957-300x225.jpg 300w, https:\/\/louatre.fr\/wp-content\/uploads\/2020\/08\/IMG_5957-768x576.jpg 768w, https:\/\/louatre.fr\/wp-content\/uploads\/2020\/08\/IMG_5957-1536x1152.jpg 1536w, https:\/\/louatre.fr\/wp-content\/uploads\/2020\/08\/IMG_5957-2048x1536.jpg 2048w\" sizes=\"(max-width: 767px) 89vw, (max-width: 1000px) 54vw, (max-width: 1071px) 543px, 580px\" \/><\/figure>\n\n\n\n<p>Elle est plac\u00e9e sous le vocable de saint R\u00e9my. C\u2019est un \u00e9difice au plan rituel tr\u00e8s r\u00e9gulier : nef flanqu\u00e9e de deux collat\u00e9raux, transept \u00e0 deux croisillons et ch\u0153ur. Longueur 27 m\u00e8tres, largeur de la nef 12.<\/p>\n\n\n\n<p>La construction d\u2019aspect assez modeste d\u00e9\u00e7oit par l\u2019absence de clocher en dur et elle \u00e9tonne par la hauteur du ch\u0153ur et du transept. Elle est l\u2019\u0153uvre de deux \u00e9poques tr\u00e8s distinctes : la&nbsp; nef et ses bas-cot\u00e9 du XIIe si\u00e8cle sans caract\u00e8re et qui sont couverts de lambris, le reste du XVIe si\u00e8cle haut et vout\u00e9 de pierre.<\/p>\n\n\n\n<figure class=\"wp-block-image size-large\"><img decoding=\"async\" loading=\"lazy\" width=\"800\" height=\"585\" src=\"http:\/\/louatre.fr\/wp-content\/uploads\/2020\/09\/EGLISE-INT-GEORGES-ESTEVE-1890-1975.jpg\" alt=\"\" class=\"wp-image-218\" srcset=\"https:\/\/louatre.fr\/wp-content\/uploads\/2020\/09\/EGLISE-INT-GEORGES-ESTEVE-1890-1975.jpg 800w, https:\/\/louatre.fr\/wp-content\/uploads\/2020\/09\/EGLISE-INT-GEORGES-ESTEVE-1890-1975-300x219.jpg 300w, https:\/\/louatre.fr\/wp-content\/uploads\/2020\/09\/EGLISE-INT-GEORGES-ESTEVE-1890-1975-768x562.jpg 768w\" sizes=\"(max-width: 767px) 89vw, (max-width: 1000px) 54vw, (max-width: 1071px) 543px, 580px\" \/><figcaption><strong>\u00a9<\/strong> Georges Est\u00e8ve<\/figcaption><\/figure>\n\n\n\n<figure class=\"wp-block-image size-large\"><img decoding=\"async\" loading=\"lazy\" width=\"800\" height=\"582\" src=\"http:\/\/louatre.fr\/wp-content\/uploads\/2020\/09\/interieu-eglise.jpg\" alt=\"\" class=\"wp-image-219\" srcset=\"https:\/\/louatre.fr\/wp-content\/uploads\/2020\/09\/interieu-eglise.jpg 800w, https:\/\/louatre.fr\/wp-content\/uploads\/2020\/09\/interieu-eglise-300x218.jpg 300w, https:\/\/louatre.fr\/wp-content\/uploads\/2020\/09\/interieu-eglise-768x559.jpg 768w\" sizes=\"(max-width: 767px) 89vw, (max-width: 1000px) 54vw, (max-width: 1071px) 543px, 580px\" \/><figcaption><strong>\u00a9<\/strong> Georges Est\u00e8ve<\/figcaption><\/figure>\n\n\n\n<p>L\u2019histoire qui en g\u00e9n\u00e9ral omet de venir en aide \u00e0 l\u2019arch\u00e9ologie, nous apporte ici une pr\u00e9cision int\u00e9ressante, on la doit au johanniste De Louen qui fait savoir que c\u2019est le fameux abb\u00e9 de Saint-Jean, Jean de Lafontaine qui, plein de reconnaissance de ce qu\u2019il avait re\u00e7u le Saint Bapt\u00eame dans la paroisse de Lou\u00e2tre, fit orner cette \u00e9glise, en fit vo\u00fbter ch\u0153ur, et aurait achev\u00e9 la nef si la mort ne l\u2019eut pas pr\u00e9venu\u00a0\u00bb.L\u2019arch\u00e9ologie \u00e0 son tour vient l\u2019affirmer par le mill\u00e9sime 1551, plac\u00e9 d\u2019abord c\u00f4t\u00e9 de 1\u2019\u00e9p\u00eetre, puis \u00e0 l\u2019oppos\u00e9 en chiffres romains cette fois, suivis d\u2019initiales \u00e9nigmatiques C D P M.<\/p>\n\n\n\n<p>Bien sign\u00e9es sont ainsi ces parties a\u00e9riennes et \u00e9l\u00e9gantes, celles du ch\u0153ur avec les trois longues fen\u00eatres g\u00e9min\u00e9es (group\u00e9s par deux) encore flamboyantes, comme celles du transept Nord, tandis qu\u2019au Sud les baies adoptent l\u2019aust\u00e9rit\u00e9 Renaissance.<\/p>\n\n\n\n<p>Le d\u00e9sir du m\u00e9c\u00e8ne \u00e9tait d\u2019\u00e9tendre l\u2019ambiance de coquetterie \u00e0 toute la nef qui abritait les paroissiens. Pour le faire on entreprit de retailler les piliers romans et de moulurer les arcades. Pareil travail avait \u00e9t\u00e9 effectu\u00e9 \u00e0 Villers-H\u00e9lon, mais il demeura inachev\u00e9 ici, de Louen nous en a donn\u00e9 le motif.<\/p>\n\n\n\n<p>Depuis le XVIe si\u00e8cle, l\u2019\u00e9glise a endur\u00e9 plusieurs r\u00e9fections : celle de L. Boulang\u00e9 et F. Boivin de 1603 qui tinrent \u00e0 peindre leurs noms dans la nef.<\/p>\n\n\n\n<figure class=\"wp-block-image size-large\"><img decoding=\"async\" loading=\"lazy\" width=\"1024\" height=\"1024\" src=\"http:\/\/louatre.fr\/wp-content\/uploads\/2020\/09\/IMG_6123-1024x1024.jpg\" alt=\"\" class=\"wp-image-314\" srcset=\"https:\/\/louatre.fr\/wp-content\/uploads\/2020\/09\/IMG_6123-1024x1024.jpg 1024w, https:\/\/louatre.fr\/wp-content\/uploads\/2020\/09\/IMG_6123-300x300.jpg 300w, https:\/\/louatre.fr\/wp-content\/uploads\/2020\/09\/IMG_6123-150x150.jpg 150w, https:\/\/louatre.fr\/wp-content\/uploads\/2020\/09\/IMG_6123-768x768.jpg 768w, https:\/\/louatre.fr\/wp-content\/uploads\/2020\/09\/IMG_6123-1536x1536.jpg 1536w, https:\/\/louatre.fr\/wp-content\/uploads\/2020\/09\/IMG_6123-2048x2048.jpg 2048w, https:\/\/louatre.fr\/wp-content\/uploads\/2020\/09\/IMG_6123-100x100.jpg 100w\" sizes=\"(max-width: 767px) 89vw, (max-width: 1000px) 54vw, (max-width: 1071px) 543px, 580px\" \/><\/figure>\n\n\n\n<p>Tout l\u2019int\u00e9rieur a \u00e9t\u00e9 raval\u00e9 en 1876 par l\u2019abb\u00e9 Lobgeois qui en plus avait remplac\u00e9 l\u2019ancien autel retable par un \u00e9dicule de pierre d\u00fb \u00e0 Charles Gilbert, l\u2019artiste d\u2019Em\u00e9ville de grand talent. Les bombardements de 1918 avaient caus\u00e9 de grands d\u00e9g\u00e2ts, notamment aux vo\u00fbtes, le classement M. H. de 1921 permit de remettre tout en \u00e9tat primitif mais ne rendit pas les souvenirs mobiliers disparus. Ceux-ci \u00e9taient les vestiges de beaux vitraux qui portaient la date de 1558, la noble cloche de 1569, orn\u00e9e de sept figurines de saints et saintes, une des plus anciennes du dioc\u00e8se. C\u2019\u00e9tait la seule des deux que la R\u00e9volution avait laiss\u00e9e, elle fut emport\u00e9e par les Allemands. Jacqueline, Jeanne, mont\u00e9e en 1928 la remplace, elle a eu pour parrain et marraine M. Jean Maurice et Mlle Jacqueline Vi\u00e9let.<\/p>\n\n\n\n<figure class=\"wp-block-image size-large\"><img decoding=\"async\" loading=\"lazy\" width=\"960\" height=\"603\" src=\"http:\/\/louatre.fr\/wp-content\/uploads\/2020\/08\/Eglise-La-ruines.jpg\" alt=\"\" class=\"wp-image-192\" srcset=\"https:\/\/louatre.fr\/wp-content\/uploads\/2020\/08\/Eglise-La-ruines.jpg 960w, https:\/\/louatre.fr\/wp-content\/uploads\/2020\/08\/Eglise-La-ruines-300x188.jpg 300w, https:\/\/louatre.fr\/wp-content\/uploads\/2020\/08\/Eglise-La-ruines-768x482.jpg 768w\" sizes=\"(max-width: 767px) 89vw, (max-width: 1000px) 54vw, (max-width: 1071px) 543px, 580px\" \/><\/figure>\n\n\n\n<p>L\u2019\u00e9glise en somme n\u2019a gard\u00e9 que ses deux b\u00e9nitiers creus\u00e9s dans de gros chapiteaux aux nervures cisterciennes ; ce sont des \u00e9paves de Longpont comme on en rencontre tant, mais qui ici ont trouv\u00e9 une affectation liturgique.<\/p>\n\n\n\n<figure class=\"wp-block-image size-large\"><img decoding=\"async\" loading=\"lazy\" width=\"768\" height=\"1024\" src=\"http:\/\/louatre.fr\/wp-content\/uploads\/2020\/09\/IMG_6103-768x1024.jpg\" alt=\"\" class=\"wp-image-316\" srcset=\"https:\/\/louatre.fr\/wp-content\/uploads\/2020\/09\/IMG_6103-768x1024.jpg 768w, https:\/\/louatre.fr\/wp-content\/uploads\/2020\/09\/IMG_6103-225x300.jpg 225w, https:\/\/louatre.fr\/wp-content\/uploads\/2020\/09\/IMG_6103-1152x1536.jpg 1152w, https:\/\/louatre.fr\/wp-content\/uploads\/2020\/09\/IMG_6103-1536x2048.jpg 1536w, https:\/\/louatre.fr\/wp-content\/uploads\/2020\/09\/IMG_6103-scaled.jpg 1920w\" sizes=\"(max-width: 767px) 89vw, (max-width: 1000px) 54vw, (max-width: 1071px) 543px, 580px\" \/><\/figure>\n\n\n\n<figure class=\"wp-block-image size-large\"><img decoding=\"async\" loading=\"lazy\" width=\"1024\" height=\"1024\" src=\"http:\/\/louatre.fr\/wp-content\/uploads\/2020\/09\/IMG_6135-1024x1024.jpg\" alt=\"\" class=\"wp-image-317\" srcset=\"https:\/\/louatre.fr\/wp-content\/uploads\/2020\/09\/IMG_6135-1024x1024.jpg 1024w, https:\/\/louatre.fr\/wp-content\/uploads\/2020\/09\/IMG_6135-300x300.jpg 300w, https:\/\/louatre.fr\/wp-content\/uploads\/2020\/09\/IMG_6135-150x150.jpg 150w, https:\/\/louatre.fr\/wp-content\/uploads\/2020\/09\/IMG_6135-768x768.jpg 768w, https:\/\/louatre.fr\/wp-content\/uploads\/2020\/09\/IMG_6135-1536x1536.jpg 1536w, https:\/\/louatre.fr\/wp-content\/uploads\/2020\/09\/IMG_6135-2048x2048.jpg 2048w, https:\/\/louatre.fr\/wp-content\/uploads\/2020\/09\/IMG_6135-100x100.jpg 100w\" sizes=\"(max-width: 767px) 89vw, (max-width: 1000px) 54vw, (max-width: 1071px) 543px, 580px\" \/><\/figure>\n\n\n\n<p>D\u2019inscriptions tumulaires (<em>relatif aux tombeaux<\/em>) il n\u2019en est plus, par contre du cimeti\u00e8re, on peut suivre autour du ch\u0153ur et transepts les traces des litres ou<strong> <\/strong>ceintures fun\u00e8bres qu\u2019on peignait de noir lors du d\u00e9c\u00e8s des seigneurs. Vingt-huit traces d\u2019\u00e9cussons, d\u2019aucuns se superposant peuvent se deviner.<\/p>\n\n\n\n<p><span class=\"has-inline-color has-cyan-bluish-gray-color\"><strong>\u00a9 <\/strong>F\u00e9d\u00e9ration des Soci\u00e9t\u00e9s d\u2019histoire et d\u2019arch\u00e9ologie de l\u2019Aisne. M\u00e9moires. Tome XIV, 1968<\/span><\/p>\n\n\n\n<figure class=\"wp-block-image size-large\"><img decoding=\"async\" loading=\"lazy\" width=\"658\" height=\"414\" src=\"http:\/\/louatre.fr\/wp-content\/uploads\/2020\/08\/Eglise-2.jpg\" alt=\"\" class=\"wp-image-193\" srcset=\"https:\/\/louatre.fr\/wp-content\/uploads\/2020\/08\/Eglise-2.jpg 658w, https:\/\/louatre.fr\/wp-content\/uploads\/2020\/08\/Eglise-2-300x189.jpg 300w\" sizes=\"(max-width: 658px) 100vw, 658px\" \/><\/figure>\n\n\n\n<figure class=\"wp-block-image size-large\"><img decoding=\"async\" loading=\"lazy\" width=\"960\" height=\"614\" src=\"http:\/\/louatre.fr\/wp-content\/uploads\/2020\/08\/Le-Quartier-de-lEglise.jpg\" alt=\"\" class=\"wp-image-194\" srcset=\"https:\/\/louatre.fr\/wp-content\/uploads\/2020\/08\/Le-Quartier-de-lEglise.jpg 960w, https:\/\/louatre.fr\/wp-content\/uploads\/2020\/08\/Le-Quartier-de-lEglise-300x192.jpg 300w, https:\/\/louatre.fr\/wp-content\/uploads\/2020\/08\/Le-Quartier-de-lEglise-768x491.jpg 768w\" sizes=\"(max-width: 767px) 89vw, (max-width: 1000px) 54vw, (max-width: 1071px) 543px, 580px\" \/><\/figure>\n\n\n\n<figure class=\"wp-block-image size-large\"><img decoding=\"async\" loading=\"lazy\" width=\"768\" height=\"1024\" src=\"http:\/\/louatre.fr\/wp-content\/uploads\/2020\/08\/IMG_5958-768x1024.jpg\" alt=\"\" class=\"wp-image-195\" srcset=\"https:\/\/louatre.fr\/wp-content\/uploads\/2020\/08\/IMG_5958-768x1024.jpg 768w, https:\/\/louatre.fr\/wp-content\/uploads\/2020\/08\/IMG_5958-225x300.jpg 225w, https:\/\/louatre.fr\/wp-content\/uploads\/2020\/08\/IMG_5958-1152x1536.jpg 1152w, https:\/\/louatre.fr\/wp-content\/uploads\/2020\/08\/IMG_5958-1536x2048.jpg 1536w, https:\/\/louatre.fr\/wp-content\/uploads\/2020\/08\/IMG_5958-scaled.jpg 1920w\" sizes=\"(max-width: 767px) 89vw, (max-width: 1000px) 54vw, (max-width: 1071px) 543px, 580px\" \/><\/figure>\n\n\n\n<figure class=\"wp-block-image size-large\"><img decoding=\"async\" loading=\"lazy\" width=\"768\" height=\"1024\" src=\"http:\/\/louatre.fr\/wp-content\/uploads\/2020\/09\/IMG_1438-768x1024.jpg\" alt=\"\" class=\"wp-image-318\" srcset=\"https:\/\/louatre.fr\/wp-content\/uploads\/2020\/09\/IMG_1438-768x1024.jpg 768w, https:\/\/louatre.fr\/wp-content\/uploads\/2020\/09\/IMG_1438-225x300.jpg 225w, https:\/\/louatre.fr\/wp-content\/uploads\/2020\/09\/IMG_1438-1152x1536.jpg 1152w, https:\/\/louatre.fr\/wp-content\/uploads\/2020\/09\/IMG_1438-1536x2048.jpg 1536w, https:\/\/louatre.fr\/wp-content\/uploads\/2020\/09\/IMG_1438-scaled.jpg 1920w\" sizes=\"(max-width: 767px) 89vw, (max-width: 1000px) 54vw, (max-width: 1071px) 543px, 580px\" \/><\/figure>\n\n\n\n<figure class=\"wp-block-image size-large\"><img decoding=\"async\" loading=\"lazy\" width=\"1024\" height=\"768\" src=\"http:\/\/louatre.fr\/wp-content\/uploads\/2020\/08\/IMG_5962-1024x768.jpg\" alt=\"\" class=\"wp-image-216\" srcset=\"https:\/\/louatre.fr\/wp-content\/uploads\/2020\/08\/IMG_5962-1024x768.jpg 1024w, https:\/\/louatre.fr\/wp-content\/uploads\/2020\/08\/IMG_5962-300x225.jpg 300w, https:\/\/louatre.fr\/wp-content\/uploads\/2020\/08\/IMG_5962-768x576.jpg 768w, https:\/\/louatre.fr\/wp-content\/uploads\/2020\/08\/IMG_5962-1536x1152.jpg 1536w, https:\/\/louatre.fr\/wp-content\/uploads\/2020\/08\/IMG_5962-2048x1536.jpg 2048w\" sizes=\"(max-width: 767px) 89vw, (max-width: 1000px) 54vw, (max-width: 1071px) 543px, 580px\" \/><\/figure>\n\n\n\n<figure class=\"wp-block-image size-large\"><img decoding=\"async\" loading=\"lazy\" width=\"1024\" height=\"1024\" src=\"http:\/\/louatre.fr\/wp-content\/uploads\/2020\/09\/IMG_6105-1024x1024.jpg\" alt=\"\" class=\"wp-image-319\" srcset=\"https:\/\/louatre.fr\/wp-content\/uploads\/2020\/09\/IMG_6105-1024x1024.jpg 1024w, https:\/\/louatre.fr\/wp-content\/uploads\/2020\/09\/IMG_6105-300x300.jpg 300w, https:\/\/louatre.fr\/wp-content\/uploads\/2020\/09\/IMG_6105-150x150.jpg 150w, https:\/\/louatre.fr\/wp-content\/uploads\/2020\/09\/IMG_6105-768x768.jpg 768w, https:\/\/louatre.fr\/wp-content\/uploads\/2020\/09\/IMG_6105-1536x1536.jpg 1536w, https:\/\/louatre.fr\/wp-content\/uploads\/2020\/09\/IMG_6105-2048x2048.jpg 2048w, https:\/\/louatre.fr\/wp-content\/uploads\/2020\/09\/IMG_6105-100x100.jpg 100w\" sizes=\"(max-width: 767px) 89vw, (max-width: 1000px) 54vw, (max-width: 1071px) 543px, 580px\" \/><\/figure>\n\n\n\n<figure class=\"wp-block-image size-large\"><img decoding=\"async\" loading=\"lazy\" width=\"1024\" height=\"1024\" src=\"http:\/\/louatre.fr\/wp-content\/uploads\/2020\/09\/IMG_6108-1024x1024.jpg\" alt=\"\" class=\"wp-image-321\" srcset=\"https:\/\/louatre.fr\/wp-content\/uploads\/2020\/09\/IMG_6108-1024x1024.jpg 1024w, https:\/\/louatre.fr\/wp-content\/uploads\/2020\/09\/IMG_6108-300x300.jpg 300w, https:\/\/louatre.fr\/wp-content\/uploads\/2020\/09\/IMG_6108-150x150.jpg 150w, https:\/\/louatre.fr\/wp-content\/uploads\/2020\/09\/IMG_6108-768x768.jpg 768w, https:\/\/louatre.fr\/wp-content\/uploads\/2020\/09\/IMG_6108-1536x1536.jpg 1536w, https:\/\/louatre.fr\/wp-content\/uploads\/2020\/09\/IMG_6108-2048x2048.jpg 2048w, https:\/\/louatre.fr\/wp-content\/uploads\/2020\/09\/IMG_6108-100x100.jpg 100w\" sizes=\"(max-width: 767px) 89vw, (max-width: 1000px) 54vw, (max-width: 1071px) 543px, 580px\" \/><\/figure>\n\n\n\n<figure class=\"wp-block-image size-large\"><img decoding=\"async\" loading=\"lazy\" width=\"1024\" height=\"1024\" src=\"http:\/\/louatre.fr\/wp-content\/uploads\/2020\/09\/IMG_6125-1024x1024.jpg\" alt=\"\" class=\"wp-image-322\" srcset=\"https:\/\/louatre.fr\/wp-content\/uploads\/2020\/09\/IMG_6125-1024x1024.jpg 1024w, https:\/\/louatre.fr\/wp-content\/uploads\/2020\/09\/IMG_6125-300x300.jpg 300w, https:\/\/louatre.fr\/wp-content\/uploads\/2020\/09\/IMG_6125-150x150.jpg 150w, https:\/\/louatre.fr\/wp-content\/uploads\/2020\/09\/IMG_6125-768x768.jpg 768w, https:\/\/louatre.fr\/wp-content\/uploads\/2020\/09\/IMG_6125-1536x1536.jpg 1536w, https:\/\/louatre.fr\/wp-content\/uploads\/2020\/09\/IMG_6125-2048x2048.jpg 2048w, https:\/\/louatre.fr\/wp-content\/uploads\/2020\/09\/IMG_6125-100x100.jpg 100w\" sizes=\"(max-width: 767px) 89vw, (max-width: 1000px) 54vw, (max-width: 1071px) 543px, 580px\" \/><\/figure>\n\n\n\n<figure class=\"wp-block-image size-large\"><img decoding=\"async\" loading=\"lazy\" width=\"768\" height=\"1024\" src=\"http:\/\/louatre.fr\/wp-content\/uploads\/2020\/09\/IMG_6131-768x1024.jpg\" alt=\"\" class=\"wp-image-323\" srcset=\"https:\/\/louatre.fr\/wp-content\/uploads\/2020\/09\/IMG_6131-768x1024.jpg 768w, https:\/\/louatre.fr\/wp-content\/uploads\/2020\/09\/IMG_6131-225x300.jpg 225w, https:\/\/louatre.fr\/wp-content\/uploads\/2020\/09\/IMG_6131-1152x1536.jpg 1152w, https:\/\/louatre.fr\/wp-content\/uploads\/2020\/09\/IMG_6131-1536x2048.jpg 1536w, https:\/\/louatre.fr\/wp-content\/uploads\/2020\/09\/IMG_6131-scaled.jpg 1920w\" sizes=\"(max-width: 767px) 89vw, (max-width: 1000px) 54vw, (max-width: 1071px) 543px, 580px\" \/><\/figure>\n","protected":false},"excerpt":{"rendered":"<p>Elle est plac\u00e9e sous le vocable de saint R\u00e9my. C\u2019est un \u00e9difice au plan rituel tr\u00e8s r\u00e9gulier : nef flanqu\u00e9e de deux collat\u00e9raux, transept \u00e0 deux croisillons et ch\u0153ur. Longueur 27 m\u00e8tres, largeur de la nef 12. La construction d\u2019aspect assez modeste d\u00e9\u00e7oit par l\u2019absence de clocher en dur et elle \u00e9tonne par la hauteur &hellip; <\/p>\n<p class=\"link-more\"><a href=\"https:\/\/louatre.fr\/?page_id=190\" class=\"more-link\">Continuer la lecture<span class=\"screen-reader-text\"> de &laquo;&nbsp;L&rsquo;\u00e9glise&nbsp;&raquo;<\/span><\/a><\/p>\n","protected":false},"author":1,"featured_media":0,"parent":0,"menu_order":0,"comment_status":"closed","ping_status":"closed","template":"","meta":{"footnotes":""},"aioseo_notices":[],"_links":{"self":[{"href":"https:\/\/louatre.fr\/index.php?rest_route=\/wp\/v2\/pages\/190"}],"collection":[{"href":"https:\/\/louatre.fr\/index.php?rest_route=\/wp\/v2\/pages"}],"about":[{"href":"https:\/\/louatre.fr\/index.php?rest_route=\/wp\/v2\/types\/page"}],"author":[{"embeddable":true,"href":"https:\/\/louatre.fr\/index.php?rest_route=\/wp\/v2\/users\/1"}],"replies":[{"embeddable":true,"href":"https:\/\/louatre.fr\/index.php?rest_route=%2Fwp%2Fv2%2Fcomments&post=190"}],"version-history":[{"count":7,"href":"https:\/\/louatre.fr\/index.php?rest_route=\/wp\/v2\/pages\/190\/revisions"}],"predecessor-version":[{"id":324,"href":"https:\/\/louatre.fr\/index.php?rest_route=\/wp\/v2\/pages\/190\/revisions\/324"}],"wp:attachment":[{"href":"https:\/\/louatre.fr\/index.php?rest_route=%2Fwp%2Fv2%2Fmedia&parent=190"}],"curies":[{"name":"wp","href":"https:\/\/api.w.org\/{rel}","templated":true}]}}