{"id":274,"date":"2020-09-03T10:37:23","date_gmt":"2020-09-03T08:37:23","guid":{"rendered":"http:\/\/louatre.fr\/?page_id=274"},"modified":"2020-09-15T09:21:34","modified_gmt":"2020-09-15T07:21:34","slug":"le-manoir-ancienne-petite-ferme-ou-le-fief-du-desert","status":"publish","type":"page","link":"https:\/\/louatre.fr\/?page_id=274","title":{"rendered":"Le manoir &#8211; ancienne petite ferme ou le fief du D\u00e9sert."},"content":{"rendered":"\n<figure class=\"wp-block-image size-large\"><img decoding=\"async\" loading=\"lazy\" width=\"1024\" height=\"627\" src=\"http:\/\/louatre.fr\/wp-content\/uploads\/2020\/09\/IMG_6030-1-1024x627.jpg\" alt=\"\" class=\"wp-image-292\" srcset=\"https:\/\/louatre.fr\/wp-content\/uploads\/2020\/09\/IMG_6030-1-1024x627.jpg 1024w, https:\/\/louatre.fr\/wp-content\/uploads\/2020\/09\/IMG_6030-1-300x184.jpg 300w, https:\/\/louatre.fr\/wp-content\/uploads\/2020\/09\/IMG_6030-1-768x470.jpg 768w, https:\/\/louatre.fr\/wp-content\/uploads\/2020\/09\/IMG_6030-1-1536x941.jpg 1536w, https:\/\/louatre.fr\/wp-content\/uploads\/2020\/09\/IMG_6030-1-2048x1255.jpg 2048w\" sizes=\"(max-width: 767px) 89vw, (max-width: 1000px) 54vw, (max-width: 1071px) 543px, 580px\" \/><\/figure>\n\n\n\n<p>C\u2019\u00e9tait en r\u00e9alit\u00e9 le fief du D\u00e9sert, ainsi d\u00e9nomm\u00e9 en 1647 dans les titres de Hugues de Hauston, seigneur de Lou\u00e2tre et de la Falaise, qui avait succ\u00e9d\u00e9 \u00e0 Baptiste de Hauston dans la premi\u00e8re d\u00e9cade du XVIe si\u00e8cle. Le d\u00e9nombrement qu\u2019il pr\u00e9sente en 1647 ajoute \u00e0 ses titres le fief du d\u00e9sert, ceci porte \u00e0 croire que sa famille en avait b\u00e2ti le manoir. Puis acquis par Jean Simon -5<sup>e<\/sup> maire triennal de Soissons de 1680 \u00e0 1682. Il acheta \u00e0 une date qui suit 1674 au sieur de Plessis, la seigneurie principale de Lou\u00e2tre avec sa maison seigneuriale, ses d\u00e9pendances territoriales et tous les autres droits f\u00e9odaux. Il acquit encore le fief du D\u00e9sert converti \u00ab&nbsp;en petite ferme&nbsp;\u00bb, mais peut-\u00eatre faut-il le confondre avec cette autre acquisition de 1684 qui comprenait la part seigneuriale \u00e9chue \u00e0 Garges-Noroy et sa ferme.<\/p>\n\n\n\n<p>Les b\u00e2timents d\u2019exploitation dont la disposition se lit sur l\u2019atlas cadastral de 1835 disparurent vers 1900. D\u00e8s lors le logis demeura seul, s\u2019acheminant vers une d\u00e9ch\u00e9ance compl\u00e8te jusqu\u2019au jour o\u00f9 M. Jean Roudault entreprit de le rendre \u00e0 l\u2019honneur (1956).<\/p>\n\n\n\n<p>Des caves plus anciennes, qui se rattachent \u00e0 l\u2019annexe du logis, font penser que celui-ci a succ\u00e9d\u00e9 \u00e0 un autre.<\/p>\n\n\n\n<p>Il est d\u2019une date \u00e0 peine ant\u00e9rieure au pavillon d\u2019Estr\u00e9es et se caract\u00e9rise par trois particularit\u00e9s :<\/p>\n\n\n\n<p>&#8211; Sa petitesse et sa sobri\u00e9t\u00e9, il est \u00e0 l\u2019\u00e9chelle du plus humble gentilhomme de campagne, qui malgr\u00e9 tout conserve quelque fiert\u00e9 de sa condition.<\/p>\n\n\n\n<p>Il se r\u00e9duit \u00e0 deux salles au rez-de-chauss\u00e9e et \u00e0 l\u2019\u00e9tage. Chacune d\u2019elles \u00e9tait chauff\u00e9e par une chemin\u00e9e adoss\u00e9e aux pignons.<\/p>\n\n\n\n<p>&#8211; L\u2019apport de quelques \u00e9l\u00e9ments Renaissance sur la tourelle \u00e0 vis ; la porte avec son fronton, les moulures du bandeau et de la corniche.<\/p>\n\n\n\n<p>A remarquer sur le logis, le chanfrein des crois\u00e9es de pierre qui se poursuit sur le linteau, suivant un dessin peu commun.<\/p>\n\n\n\n<p>&#8211; Soucis de s\u00e9curit\u00e9. Le seul acc\u00e8s \u00e9tait celui de la tourelle hexagonale (haute de 9 m\u00e8tres), il se trouvait d\u00e9fendu par un moucharabier port\u00e9 par deux m\u00e2chicoulis. Les fen\u00eatres \u00e9taient rares (on les a multipli\u00e9es en 1956). Ces mesures de d\u00e9fenses, bien que pr\u00e9caires, rappellent l\u2019ins\u00e9curit\u00e9 du temps ; les menaces de Charles Quint et les guerres de Religion.<\/p>\n\n\n\n<p>Nous n\u2019avons connu qu\u2019une seule chemin\u00e9e (celle de gauche) sa hotte en mitre est support\u00e9e par une plate-bande en anse de panier, qui est timbr\u00e9e d\u2018un \u00e9cusson martel\u00e9 avec diad\u00e8me. En 1885, lorsque le manoir servait d\u2019habitation au berger de la ferme les quatre \u00e9taient en place ; la plus curieuse n\u2019avait pas de c\u00f4t\u00e9s, deux colonnes octogonales \u00e0 chapiteaux, avanc\u00e9es dans la salle portaient le manteau.<\/p>\n\n\n\n<figure class=\"wp-block-image size-large\"><img decoding=\"async\" loading=\"lazy\" width=\"554\" height=\"366\" src=\"http:\/\/louatre.fr\/wp-content\/uploads\/2020\/09\/manoir-louatre-2.jpg\" alt=\"\" class=\"wp-image-296\" srcset=\"https:\/\/louatre.fr\/wp-content\/uploads\/2020\/09\/manoir-louatre-2.jpg 554w, https:\/\/louatre.fr\/wp-content\/uploads\/2020\/09\/manoir-louatre-2-300x198.jpg 300w\" sizes=\"(max-width: 554px) 100vw, 554px\" \/><figcaption>Dans les ann\u00e9es 60.<\/figcaption><\/figure>\n\n\n\n<p>Les manoirs des XVe et XVIe si\u00e8cles sont encore nombreux dans nos villages, le D\u00e9sert est un de ceux qui en marquent la derni\u00e8re p\u00e9riode, ses caract\u00e9ristiques sont assez rares, elles en font tout l\u2019int\u00e9r\u00eat.<\/p>\n\n\n\n<p>Si l\u2019on tient compte de la pluralit\u00e9 des hobereaux qui fr\u00e9quent\u00e8rent Lou\u00e2tre, un autre mamoir, aujourd\u2019hui disparu pourrait s\u2019admettre.<\/p>\n\n\n\n<p>Ses vestiges en 1885 semblent se d\u00e9duire de quelques lignes de la monographie d\u2019instituteur, elle signale dans le pignon d\u2019une autre petite ferme une \u00ab\u00a0fen\u00eatre en ogive\u00a0\u00bb et sur le pignon, contre la chemin\u00e9e, la statuette haute de 0,60 \u00e0 0,70 d\u2019un animal probablement un Lion ; il s\u2019agissait \u00e9videmment d\u2019un pinacle du d\u00e9but du XVIe si\u00e8cle du genre de celui qui subsiste au manoir-ferme de Vouty.<\/p>\n\n\n\n<p><span class=\"has-inline-color has-cyan-bluish-gray-color\"><strong>\u00a9 <\/strong>F\u00e9d\u00e9ration des Soci\u00e9t\u00e9s d\u2019histoire et d\u2019arch\u00e9ologie de l\u2019Aisne. M\u00e9moires. Tome XIV, 1968<\/span><\/p>\n\n\n\n<figure class=\"wp-block-image size-large\"><img decoding=\"async\" loading=\"lazy\" width=\"1024\" height=\"768\" src=\"http:\/\/louatre.fr\/wp-content\/uploads\/2020\/09\/IMG_6034-1024x768.jpg\" alt=\"\" class=\"wp-image-293\" srcset=\"https:\/\/louatre.fr\/wp-content\/uploads\/2020\/09\/IMG_6034-1024x768.jpg 1024w, https:\/\/louatre.fr\/wp-content\/uploads\/2020\/09\/IMG_6034-300x225.jpg 300w, https:\/\/louatre.fr\/wp-content\/uploads\/2020\/09\/IMG_6034-768x576.jpg 768w, https:\/\/louatre.fr\/wp-content\/uploads\/2020\/09\/IMG_6034-1536x1152.jpg 1536w, https:\/\/louatre.fr\/wp-content\/uploads\/2020\/09\/IMG_6034-2048x1536.jpg 2048w\" sizes=\"(max-width: 767px) 89vw, (max-width: 1000px) 54vw, (max-width: 1071px) 543px, 580px\" \/><\/figure>\n\n\n\n<figure class=\"wp-block-image size-large\"><img decoding=\"async\" loading=\"lazy\" width=\"768\" height=\"1024\" src=\"http:\/\/louatre.fr\/wp-content\/uploads\/2020\/09\/IMG_6035-768x1024.jpg\" alt=\"\" class=\"wp-image-295\" srcset=\"https:\/\/louatre.fr\/wp-content\/uploads\/2020\/09\/IMG_6035-768x1024.jpg 768w, https:\/\/louatre.fr\/wp-content\/uploads\/2020\/09\/IMG_6035-225x300.jpg 225w, https:\/\/louatre.fr\/wp-content\/uploads\/2020\/09\/IMG_6035-1152x1536.jpg 1152w, https:\/\/louatre.fr\/wp-content\/uploads\/2020\/09\/IMG_6035-1536x2048.jpg 1536w, https:\/\/louatre.fr\/wp-content\/uploads\/2020\/09\/IMG_6035-scaled.jpg 1920w\" sizes=\"(max-width: 767px) 89vw, (max-width: 1000px) 54vw, (max-width: 1071px) 543px, 580px\" \/><\/figure>\n\n\n\n<figure class=\"wp-block-image size-large\"><img decoding=\"async\" loading=\"lazy\" width=\"955\" height=\"608\" src=\"http:\/\/louatre.fr\/wp-content\/uploads\/2020\/09\/la-petite-ferme.png\" alt=\"\" class=\"wp-image-276\" srcset=\"https:\/\/louatre.fr\/wp-content\/uploads\/2020\/09\/la-petite-ferme.png 955w, https:\/\/louatre.fr\/wp-content\/uploads\/2020\/09\/la-petite-ferme-300x191.png 300w, https:\/\/louatre.fr\/wp-content\/uploads\/2020\/09\/la-petite-ferme-768x489.png 768w\" sizes=\"(max-width: 767px) 89vw, (max-width: 1000px) 54vw, (max-width: 1071px) 543px, 580px\" \/><figcaption>Avant la guerre 14-18.<\/figcaption><\/figure>\n\n\n\n<figure class=\"wp-block-image size-large\"><img decoding=\"async\" loading=\"lazy\" width=\"1024\" height=\"636\" src=\"http:\/\/louatre.fr\/wp-content\/uploads\/2020\/09\/LA-PETITE-FERME-ANNEE-5060-2-1024x636.jpg\" alt=\"\" class=\"wp-image-277\" srcset=\"https:\/\/louatre.fr\/wp-content\/uploads\/2020\/09\/LA-PETITE-FERME-ANNEE-5060-2-1024x636.jpg 1024w, https:\/\/louatre.fr\/wp-content\/uploads\/2020\/09\/LA-PETITE-FERME-ANNEE-5060-2-300x186.jpg 300w, https:\/\/louatre.fr\/wp-content\/uploads\/2020\/09\/LA-PETITE-FERME-ANNEE-5060-2-768x477.jpg 768w, https:\/\/louatre.fr\/wp-content\/uploads\/2020\/09\/LA-PETITE-FERME-ANNEE-5060-2-1536x954.jpg 1536w, https:\/\/louatre.fr\/wp-content\/uploads\/2020\/09\/LA-PETITE-FERME-ANNEE-5060-2.jpg 1636w\" sizes=\"(max-width: 767px) 89vw, (max-width: 1000px) 54vw, (max-width: 1071px) 543px, 580px\" \/><figcaption>Au d\u00e9but des ann\u00e9es 50.<\/figcaption><\/figure>\n","protected":false},"excerpt":{"rendered":"<p>C\u2019\u00e9tait en r\u00e9alit\u00e9 le fief du D\u00e9sert, ainsi d\u00e9nomm\u00e9 en 1647 dans les titres de Hugues de Hauston, seigneur de Lou\u00e2tre et de la Falaise, qui avait succ\u00e9d\u00e9 \u00e0 Baptiste de Hauston dans la premi\u00e8re d\u00e9cade du XVIe si\u00e8cle. Le d\u00e9nombrement qu\u2019il pr\u00e9sente en 1647 ajoute \u00e0 ses titres le fief du d\u00e9sert, ceci porte &hellip; <\/p>\n<p class=\"link-more\"><a href=\"https:\/\/louatre.fr\/?page_id=274\" class=\"more-link\">Continuer la lecture<span class=\"screen-reader-text\"> de &laquo;&nbsp;Le manoir &#8211; ancienne petite ferme ou le fief du D\u00e9sert.&nbsp;&raquo;<\/span><\/a><\/p>\n","protected":false},"author":1,"featured_media":0,"parent":0,"menu_order":0,"comment_status":"closed","ping_status":"closed","template":"","meta":{"footnotes":""},"aioseo_notices":[],"_links":{"self":[{"href":"https:\/\/louatre.fr\/index.php?rest_route=\/wp\/v2\/pages\/274"}],"collection":[{"href":"https:\/\/louatre.fr\/index.php?rest_route=\/wp\/v2\/pages"}],"about":[{"href":"https:\/\/louatre.fr\/index.php?rest_route=\/wp\/v2\/types\/page"}],"author":[{"embeddable":true,"href":"https:\/\/louatre.fr\/index.php?rest_route=\/wp\/v2\/users\/1"}],"replies":[{"embeddable":true,"href":"https:\/\/louatre.fr\/index.php?rest_route=%2Fwp%2Fv2%2Fcomments&post=274"}],"version-history":[{"count":4,"href":"https:\/\/louatre.fr\/index.php?rest_route=\/wp\/v2\/pages\/274\/revisions"}],"predecessor-version":[{"id":310,"href":"https:\/\/louatre.fr\/index.php?rest_route=\/wp\/v2\/pages\/274\/revisions\/310"}],"wp:attachment":[{"href":"https:\/\/louatre.fr\/index.php?rest_route=%2Fwp%2Fv2%2Fmedia&parent=274"}],"curies":[{"name":"wp","href":"https:\/\/api.w.org\/{rel}","templated":true}]}}