{"id":282,"date":"2020-09-03T11:10:26","date_gmt":"2020-09-03T09:10:26","guid":{"rendered":"http:\/\/louatre.fr\/?page_id=282"},"modified":"2020-09-15T09:20:18","modified_gmt":"2020-09-15T07:20:18","slug":"la-pierre-philippe-ou-le-rocher-aux-legendes","status":"publish","type":"page","link":"https:\/\/louatre.fr\/?page_id=282","title":{"rendered":"La pierre Philippe ou le rocher aux l\u00e9gendes."},"content":{"rendered":"\n<figure class=\"wp-block-image size-large\"><img decoding=\"async\" loading=\"lazy\" width=\"642\" height=\"1024\" src=\"http:\/\/louatre.fr\/wp-content\/uploads\/2020\/09\/LA-PIERRE-PHILIPPE-2-642x1024.jpg\" alt=\"\" class=\"wp-image-284\" srcset=\"https:\/\/louatre.fr\/wp-content\/uploads\/2020\/09\/LA-PIERRE-PHILIPPE-2-642x1024.jpg 642w, https:\/\/louatre.fr\/wp-content\/uploads\/2020\/09\/LA-PIERRE-PHILIPPE-2-188x300.jpg 188w, https:\/\/louatre.fr\/wp-content\/uploads\/2020\/09\/LA-PIERRE-PHILIPPE-2-768x1224.jpg 768w, https:\/\/louatre.fr\/wp-content\/uploads\/2020\/09\/LA-PIERRE-PHILIPPE-2-964x1536.jpg 964w, https:\/\/louatre.fr\/wp-content\/uploads\/2020\/09\/LA-PIERRE-PHILIPPE-2.jpg 1042w\" sizes=\"(max-width: 642px) 100vw, 642px\" \/><\/figure>\n\n\n\n<p>A l\u2019endroit o\u00f9 le chemin de Corcy se trouve encaiss\u00e9 entre le bois des Juifs et le bois Madame, on trouve sur la pente de ce dernier un quartier de roche, fich\u00e9 \u00e0 la verticale et haut de 5 m\u00e8tres, qui nous met en contact avec les myst\u00e8res de la mythologie celtique.<\/p>\n\n\n\n<p>C\u2019est la Pierre Flipe ou Philippe, le docteur Brassart (Soci\u00e9t\u00e9 Historique de Villers-Cotter\u00eats &#8211; Bulletin 1907) l\u2019a interrog\u00e9e et s\u2019est persuad\u00e9 que ce pi\u00e9destal de titan \u00e9tait le r\u00e9sultat d\u2019une \u00e9rection humaine. Les traditions qu\u2019il recueillit voulaient qu\u2019elle ait \u00e9t\u00e9 le th\u00e9\u00e2tre de &lt; choses abominables\u00a0\u00bb en des temps anciens et il en d\u00e9duisit qu\u2019elle avait \u00e9t\u00e9 remise en faveur au temps des sabbats, temps o\u00f9 selon Michelet, les sorciers baptisaient Philippe les crapauds qu\u2019ils aillaient immoler. On cite une autre pierre Philippe dans les bois de Couvron, Philippe ne serait-il pas un autre Gargantua au petit pied, mais comme lui g\u00e9n\u00e9rateur de l\u00e9gendes obscurcies ?<\/p>\n\n\n\n<p><span class=\"has-inline-color has-cyan-bluish-gray-color\">\u00a9 F\u00e9d\u00e9ration des Soci\u00e9t\u00e9s d\u2019histoire et d\u2019arch\u00e9ologie de l\u2019Aisne. M\u00e9moires. Tome XIV, 1968<\/span><\/p>\n","protected":false},"excerpt":{"rendered":"<p>A l\u2019endroit o\u00f9 le chemin de Corcy se trouve encaiss\u00e9 entre le bois des Juifs et le bois Madame, on trouve sur la pente de ce dernier un quartier de roche, fich\u00e9 \u00e0 la verticale et haut de 5 m\u00e8tres, qui nous met en contact avec les myst\u00e8res de la mythologie celtique. C\u2019est la Pierre &hellip; <\/p>\n<p class=\"link-more\"><a href=\"https:\/\/louatre.fr\/?page_id=282\" class=\"more-link\">Continuer la lecture<span class=\"screen-reader-text\"> de &laquo;&nbsp;La pierre Philippe ou le rocher aux l\u00e9gendes.&nbsp;&raquo;<\/span><\/a><\/p>\n","protected":false},"author":1,"featured_media":0,"parent":0,"menu_order":0,"comment_status":"closed","ping_status":"closed","template":"","meta":{"footnotes":""},"aioseo_notices":[],"_links":{"self":[{"href":"https:\/\/louatre.fr\/index.php?rest_route=\/wp\/v2\/pages\/282"}],"collection":[{"href":"https:\/\/louatre.fr\/index.php?rest_route=\/wp\/v2\/pages"}],"about":[{"href":"https:\/\/louatre.fr\/index.php?rest_route=\/wp\/v2\/types\/page"}],"author":[{"embeddable":true,"href":"https:\/\/louatre.fr\/index.php?rest_route=\/wp\/v2\/users\/1"}],"replies":[{"embeddable":true,"href":"https:\/\/louatre.fr\/index.php?rest_route=%2Fwp%2Fv2%2Fcomments&post=282"}],"version-history":[{"count":3,"href":"https:\/\/louatre.fr\/index.php?rest_route=\/wp\/v2\/pages\/282\/revisions"}],"predecessor-version":[{"id":309,"href":"https:\/\/louatre.fr\/index.php?rest_route=\/wp\/v2\/pages\/282\/revisions\/309"}],"wp:attachment":[{"href":"https:\/\/louatre.fr\/index.php?rest_route=%2Fwp%2Fv2%2Fmedia&parent=282"}],"curies":[{"name":"wp","href":"https:\/\/api.w.org\/{rel}","templated":true}]}}