{"id":300,"date":"2020-09-09T11:15:01","date_gmt":"2020-09-09T09:15:01","guid":{"rendered":"http:\/\/louatre.fr\/?page_id=300"},"modified":"2020-09-15T09:15:42","modified_gmt":"2020-09-15T07:15:42","slug":"prehistoire-vestiges-gallo-romains-les-francs-a-louatre","status":"publish","type":"page","link":"https:\/\/louatre.fr\/?page_id=300","title":{"rendered":"Pr\u00e9histoire &#8211; Vestiges Gallo Romains &#8211; Les Francs \u00e0 Lou\u00e2tre."},"content":{"rendered":"\n<p><strong>Pr\u00e9histoire <\/strong><strong><\/strong><\/p>\n\n\n\n<p>Les premiers vagissements de l\u2019histoire sont donn\u00e9s, par l\u2019outillage n\u00e9olithique (celui des premiers, peuples cultivateurs) qui ressurgit assez g\u00e9n\u00e9reusement. Des collections s\u2019\u00e9taient d\u00e9j\u00e0 constitu\u00e9es \u00e0 Lou\u00e2tre avant 1885. M. Maurice en a reconstitu\u00e9 une o\u00f9 se trouvent des lames retouch\u00e9es, grattoirs, haches taill\u00e9es et polies en partie, haches polies. Il en est de curieuses qui sont taill\u00e9es dans le calcaire dur du pays, la singularit\u00e9 du mat\u00e9riau n\u2019avait pas \u00e9chapp\u00e9 \u00e0 M.H\u00e9mery (cf. B.S.P.F. 1951).<\/p>\n\n\n\n<p><strong>Souvenirs romains<\/strong><\/p>\n\n\n\n<p>Il est un antique chemin (aujourd\u2019hui d\u00e9partementale 2) qui part de F\u00e8re-en-Tardenois, qui traverse Le Grand-Rozoy et, suivant 1es cr\u00eates de pr\u00e9f\u00e9rence, vient franchir les marais de Savi\u00e8re pour se poursuivre par la route du Fa\u00eete de la for\u00eat de Retz. Avant de descendre \u00e0 Longpont ce chemin coupe une partie de Lou\u00e2tre pla\u00e7ant au Nord la Plaine Saint-Quentin et au Sud Le long muid, c\u2019est l\u00e0, presqu\u2019en bordure que M. Denis Maurice a d\u00e9couvert en 1963 les substructions d\u2019\u00e9tablissement romain dont il l\u2019a entrepris l\u2019exploration avec grande minutie.<\/p>\n\n\n\n<p>Il suffira de dire qu\u2019il s\u2019agit de fondations d\u2019une villa (?) \u00e0 multiples sallettes, accompagn\u00e9e de fosses de d\u00e9tritus remplies d\u2019impr\u00e9vu. Les tessons c\u00e9ramique semblent appartenir aux deux premiers si\u00e8cles mais l\u2019occupation a dur\u00e9 davantage puisque les monnaies ont donn\u00e9 des effigies de N\u00e9ron (il r\u00e9gna de 54 \u00e0 68 apr. J.-C.), de Titus, Hadrien, Antonin, Commode, Claude II, Postume, Constantin I et Constance II (d\u00e9c\u00e9d\u00e9 en 361 apr. J.-C.). Signalons aussi des objets de parure en bronze&nbsp;: bagues, fibules, etc\u2026 des clefs de fer du type gaulois.<\/p>\n\n\n\n<figure class=\"wp-block-image size-large\"><img decoding=\"async\" loading=\"lazy\" width=\"220\" height=\"211\" src=\"http:\/\/louatre.fr\/wp-content\/uploads\/2020\/09\/Unknown.jpg\" alt=\"\" class=\"wp-image-301\"\/><figcaption>Illustration, pi\u00e8ce romaine, Contance II<\/figcaption><\/figure>\n\n\n\n<p>Cet endroit n\u2019est&nbsp; pas le seul \u00e0 Lou\u00e2tre qui soit parsem\u00e9 de d\u00e9bris de tegulae (tuile), il semble s\u2019en d\u00e9duire que l\u2019agriculture d\u00e8s le premier si\u00e8cle \u00e9tait en pleine possession de ces plateaux fertiles, ainsi va-t-elle demeurer apr\u00e8s l\u2019invasion franque.<\/p>\n\n\n\n<p><strong>Cimeti\u00e8re franc<\/strong><\/p>\n\n\n\n<p>A l\u2019extr\u00e9mit\u00e9 de Lou\u00e2tre, derri\u00e8re la haie de la &lt; Petite ferme, et le long du chemin de Nadon, s\u2019\u00e9tend en pente un champ sablonneux o\u00f9 l\u2019on d\u00e9couvrit d\u00e8s 1834 plusieurs cercueils de pierre.<\/p>\n\n\n\n<p>L\u2019\u00e9v\u00e9nement s\u2019oublia, il se r\u00e9p\u00e9ta \u00e0 nouveau en 1957 (3 sarcophages, 12 squelettes). Cette n\u00e9cropole a \u00e9t\u00e9 fouill\u00e9e par M. Madel\u00e9nat et ses amis en 1962 et 63 et leurs rapports ont \u00e9t\u00e9 donn\u00e9s par M. Madel\u00e9nat et le Dr J.L. Demetz dans les Cahiers d\u2019arch\u00e9ologie du N.-E. (1965) et le Bulletin de la Fed\u00e9ration (t. XI, 1965).<\/p>\n\n\n\n<p>En r\u00e9sum\u00e9, les s\u00e9pultures explor\u00e9es \u00e9taient : 31 en pleine terre, 13 en sarcophages, 1 en coffrage et une carcasse compl\u00e8te de cheval (le Dr Demetz d\u00e9nombre les restes de 73 individus). La n\u00e9cropole avait \u00e9t\u00e9 viol\u00e9e depuis longtemps, le mobilier qu\u2019on y recueillit comportait notamment : deux seules poteries, des fibules, bagues (d\u2019aucunes grav\u00e9es du signe de la croix), grains de colliers de verre, d\u2019assez nombreuses et jolies plaques boucles, mais un seul scramasaxe (arme blanche franque). Il s\u2019agissait bien d\u2019une paisible communaut\u00e9, elle \u00e9tait chr\u00e9tienne et se trouvait sur les lieux dans la seconde partie du VIe et surtout au VIIe si\u00e8cle.<\/p>\n\n\n\n<p><span class=\"has-inline-color has-cyan-bluish-gray-color\"><strong>\u00a9 <\/strong>F\u00e9d\u00e9ration des Soci\u00e9t\u00e9s d\u2019histoire et d\u2019arch\u00e9ologie de l\u2019Aisne. M\u00e9moires. Tome XIV, 1968<\/span><\/p>\n","protected":false},"excerpt":{"rendered":"<p>Pr\u00e9histoire Les premiers vagissements de l\u2019histoire sont donn\u00e9s, par l\u2019outillage n\u00e9olithique (celui des premiers, peuples cultivateurs) qui ressurgit assez g\u00e9n\u00e9reusement. Des collections s\u2019\u00e9taient d\u00e9j\u00e0 constitu\u00e9es \u00e0 Lou\u00e2tre avant 1885. M. Maurice en a reconstitu\u00e9 une o\u00f9 se trouvent des lames retouch\u00e9es, grattoirs, haches taill\u00e9es et polies en partie, haches polies. Il en est de curieuses &hellip; <\/p>\n<p class=\"link-more\"><a href=\"https:\/\/louatre.fr\/?page_id=300\" class=\"more-link\">Continuer la lecture<span class=\"screen-reader-text\"> de &laquo;&nbsp;Pr\u00e9histoire &#8211; Vestiges Gallo Romains &#8211; Les Francs \u00e0 Lou\u00e2tre.&nbsp;&raquo;<\/span><\/a><\/p>\n","protected":false},"author":1,"featured_media":0,"parent":0,"menu_order":0,"comment_status":"closed","ping_status":"closed","template":"","meta":{"footnotes":""},"aioseo_notices":[],"_links":{"self":[{"href":"https:\/\/louatre.fr\/index.php?rest_route=\/wp\/v2\/pages\/300"}],"collection":[{"href":"https:\/\/louatre.fr\/index.php?rest_route=\/wp\/v2\/pages"}],"about":[{"href":"https:\/\/louatre.fr\/index.php?rest_route=\/wp\/v2\/types\/page"}],"author":[{"embeddable":true,"href":"https:\/\/louatre.fr\/index.php?rest_route=\/wp\/v2\/users\/1"}],"replies":[{"embeddable":true,"href":"https:\/\/louatre.fr\/index.php?rest_route=%2Fwp%2Fv2%2Fcomments&post=300"}],"version-history":[{"count":2,"href":"https:\/\/louatre.fr\/index.php?rest_route=\/wp\/v2\/pages\/300\/revisions"}],"predecessor-version":[{"id":306,"href":"https:\/\/louatre.fr\/index.php?rest_route=\/wp\/v2\/pages\/300\/revisions\/306"}],"wp:attachment":[{"href":"https:\/\/louatre.fr\/index.php?rest_route=%2Fwp%2Fv2%2Fmedia&parent=300"}],"curies":[{"name":"wp","href":"https:\/\/api.w.org\/{rel}","templated":true}]}}