{"id":406,"date":"2020-11-09T09:38:49","date_gmt":"2020-11-09T08:38:49","guid":{"rendered":"http:\/\/louatre.fr\/?page_id=406"},"modified":"2020-11-09T14:44:12","modified_gmt":"2020-11-09T13:44:12","slug":"dudley-gilman-tucker","status":"publish","type":"page","link":"https:\/\/louatre.fr\/?page_id=406","title":{"rendered":"Dudley Gilman Tucker"},"content":{"rendered":"\n<p>Derri\u00e8re le monument au mort, il y a une st\u00e8le avec une plaque rappelant les combats en 1918 autour de Lou\u00e2tre.<\/p>\n\n\n\n<p>A la m\u00e9moire du sergent Dudley Gilman Tucker.<\/p>\n\n\n\n<p>Volontaire am\u00e9ricain \u00e0 l\u2019escadrille SPAD A5 Groupe 13, tomb\u00e9 glorieusement dans ce voisinage en combattant contre six avions ennemis le 8 Juillet 1918.<\/p>\n\n\n\n<p>Il a donn\u00e9 sa vie pour la libert\u00e9.<\/p>\n\n\n\n<p>Cette tablette a \u00e9t\u00e9 plac\u00e9e par sa m\u00e8re qui est fi\u00e8re de lui.<\/p>\n\n\n\n<p><strong>Mais qui est le Sergent Tucker ?<\/strong><\/p>\n\n\n\n<figure class=\"wp-block-image size-large\"><img decoding=\"async\" loading=\"lazy\" width=\"594\" height=\"447\" src=\"http:\/\/louatre.fr\/wp-content\/uploads\/2020\/11\/drapeau-1.png\" alt=\"\" class=\"wp-image-410\" srcset=\"https:\/\/louatre.fr\/wp-content\/uploads\/2020\/11\/drapeau-1.png 594w, https:\/\/louatre.fr\/wp-content\/uploads\/2020\/11\/drapeau-1-300x226.png 300w\" sizes=\"(max-width: 594px) 100vw, 594px\" \/><figcaption>@ Gilles Curchod<\/figcaption><\/figure>\n\n\n\n<figure class=\"wp-block-image size-large\"><img decoding=\"async\" loading=\"lazy\" width=\"1024\" height=\"1024\" src=\"http:\/\/louatre.fr\/wp-content\/uploads\/2020\/11\/IMG_6642-1024x1024.jpg\" alt=\"\" class=\"wp-image-415\" srcset=\"https:\/\/louatre.fr\/wp-content\/uploads\/2020\/11\/IMG_6642-1024x1024.jpg 1024w, https:\/\/louatre.fr\/wp-content\/uploads\/2020\/11\/IMG_6642-300x300.jpg 300w, https:\/\/louatre.fr\/wp-content\/uploads\/2020\/11\/IMG_6642-150x150.jpg 150w, https:\/\/louatre.fr\/wp-content\/uploads\/2020\/11\/IMG_6642-768x768.jpg 768w, https:\/\/louatre.fr\/wp-content\/uploads\/2020\/11\/IMG_6642-100x100.jpg 100w, https:\/\/louatre.fr\/wp-content\/uploads\/2020\/11\/IMG_6642.jpg 1512w\" sizes=\"(max-width: 767px) 89vw, (max-width: 1000px) 54vw, (max-width: 1071px) 543px, 580px\" \/><\/figure>\n\n\n\n<p><strong>Dudley Gilman Tucker<\/strong>, n\u00e9 \u00e0 New York le 7 avril 1887, dipl\u00f4m\u00e9 de l&rsquo;Universit\u00e9 de Havard &nbsp;en 1907,&nbsp; il a fr\u00e9quent\u00e9 la Columbia Law School avant d\u2019abandonner ses \u00e9tudes pour travailler 5 ans pour l\u2019American Book Company, \u00e9diteur de livres \u00e9ducatifs et scolaires o\u00f9 exer\u00e7ait son p\u00e8re.<\/p>\n\n\n\n<p>Passionn\u00e9 de mise en sc\u00e8ne, il devient \u00e0 l\u2019issue de cette p\u00e9riode directeur commercial des Washington Square Players, soci\u00e9t\u00e9 newyorkaise de production th\u00e9\u00e2trale. Attir\u00e9 par le th\u00e9\u00e2tre traditionnel asiatique, il programme&nbsp; avec un ami, Austen \u00ab&nbsp;Billy&nbsp;\u00bb Parker, un s\u00e9jour en Chine et au Japon en 1917. Toutefois, dans l\u2019impossibilit\u00e9 de trouver le passage sur l\u2019un des navires transitant par le canal de Panama, les deux hommes modifient leur p\u00e9riple pour la d\u00e9couverte des ruines de la r\u00e9gion du Dari\u00e9n.<\/p>\n\n\n\n<p>Mais la guerre en Europe fait rage. Dudley Tucker ne demeure pas insensible aux appels aux volontaires pour combattre en France. Aussi il embarque du Br\u00e9sil pour rejoindre Bordeaux afin de s\u2019engager, le 28 mars 1917, dans la L\u00e9gion \u00e9trang\u00e8re. Quelques semaines plus tard, il est transf\u00e9r\u00e9 au Lafayette Flying Corps, escadrille financ\u00e9e par de &nbsp;riches donateurs am\u00e9ricains.&nbsp;<\/p>\n\n\n\n<p>Du 22 mai 1917 au 26 janvier 1918, il est en formation aux \u00e9coles d\u2019aviation d\u2019Avord, \u00e0 Pau et au Plessis-Belleville. Brevet\u00e9 pilote (sur avion Caudron) jug\u00e9 habile et courageux au combat, il est promu caporal le 30 septembre 1917. Le 28 janvier 1918, il est envoy\u00e9 au front, affect\u00e9 d\u2019abord \u00e0 l\u2019Escadrille Spad 74, puis transf\u00e9r\u00e9 au Spad 15.&nbsp;En juin, il est promu sergent.&nbsp;<\/p>\n\n\n\n<p>Le 8 juillet 1918, Sergent Tucker et quatre autres pilotes patrouillent entre Soissons et Ch\u00e2teau-Thierry. Soudain ils distinguent une dizaine* de Fokkers allemands fondre sur deux avions de reconnaissance fran\u00e7ais. Apr\u00e8s un bref combat a\u00e9rien quatre avions de l\u2019escadrille retournent \u00e0 leur base, \u00e0 Chaudun. Tucker manque \u00e0 l\u2019appel. Il sera port\u00e9 disparu.&nbsp;<\/p>\n\n\n\n<figure class=\"wp-block-image size-large\"><img decoding=\"async\" loading=\"lazy\" width=\"1024\" height=\"1024\" src=\"http:\/\/louatre.fr\/wp-content\/uploads\/2020\/11\/IMG_6641-1024x1024.jpg\" alt=\"\" class=\"wp-image-416\" srcset=\"https:\/\/louatre.fr\/wp-content\/uploads\/2020\/11\/IMG_6641-1024x1024.jpg 1024w, https:\/\/louatre.fr\/wp-content\/uploads\/2020\/11\/IMG_6641-300x300.jpg 300w, https:\/\/louatre.fr\/wp-content\/uploads\/2020\/11\/IMG_6641-150x150.jpg 150w, https:\/\/louatre.fr\/wp-content\/uploads\/2020\/11\/IMG_6641-768x768.jpg 768w, https:\/\/louatre.fr\/wp-content\/uploads\/2020\/11\/IMG_6641-100x100.jpg 100w, https:\/\/louatre.fr\/wp-content\/uploads\/2020\/11\/IMG_6641.jpg 1512w\" sizes=\"(max-width: 767px) 89vw, (max-width: 1000px) 54vw, (max-width: 1071px) 543px, 580px\" \/><\/figure>\n\n\n\n<figure class=\"wp-block-image size-large\"><img decoding=\"async\" loading=\"lazy\" width=\"655\" height=\"493\" src=\"http:\/\/louatre.fr\/wp-content\/uploads\/2020\/11\/Drapeau-2.png\" alt=\"\" class=\"wp-image-411\" srcset=\"https:\/\/louatre.fr\/wp-content\/uploads\/2020\/11\/Drapeau-2.png 655w, https:\/\/louatre.fr\/wp-content\/uploads\/2020\/11\/Drapeau-2-300x226.png 300w\" sizes=\"(max-width: 655px) 100vw, 655px\" \/><figcaption><em>@ Gilles Curchod<\/em><\/figcaption><\/figure>\n\n\n\n<p>L\u2019\u00e9pave de son avion aurait \u00e9t\u00e9 retrouv\u00e9e dans un champ, le long de la&nbsp;route de Longpont&nbsp;ou sur le champ de bataille \u00e0 Vierzy (les registres allemands sont impr\u00e9cis sur la localisation).&nbsp;Il serait mort des suites de ses blessures. Enterr\u00e9s dans un cimeti\u00e8re \u00e0 Chacrise, ces cendres seront transf\u00e9r\u00e9es au cimeti\u00e8re militaire am\u00e9ricain de Seringes-et-Nesle, puis, en 1922, au M\u00e9morial Lafayette (Marne-la \u2013coquette, d\u00e9partement des Hauts-de-Seine). A titre posthume il sera d\u00e9cor\u00e9 de la M\u00e9daille militaire et la Croix de guerre.**<\/p>\n\n\n\n<p>* Les informations diff\u00e8rent selon les sources. Ce nombre varie de 6 (sur le site www.picardie1418.com) \u00e0 10 ou m\u00eame 15 (\u00ab&nbsp;<em>Like a thunderbolt&nbsp;<\/em>\u00bb Air Force Sixtieth anniversaires, de Roger G Miller- \u00ab&nbsp;<em>La Fayette Fling Corps&nbsp;<\/em>\u00bb, de Dennis Gordon \u2013 Atgen 2000.)<\/p>\n\n\n\n<p>** Le 28 octobre 1918, l\u2019Escadrille Lafayette sera cit\u00e9e \u00e0 l\u2019Ordre de l\u2019Arm\u00e9e apr\u00e8s approbation du G\u00e9n\u00e9ral Commandant en chef des Forces Exp\u00e9ditionnaires am\u00e9ricaines en France&nbsp; et le G\u00e9n\u00e9ral Commandant en Chef des Arm\u00e9es fran\u00e7aises du Nord et du Nord Est, Philippe P\u00e9tain.<\/p>\n\n\n\n<p><strong><em>Merci \u00e0 Gilles Curchod pour ses recherches<\/em><\/strong><\/p>\n\n\n\n<p>Pour en savoir plus :<\/p>\n\n\n\n<figure class=\"wp-block-image size-large\"><img decoding=\"async\" loading=\"lazy\" width=\"651\" height=\"1024\" src=\"http:\/\/louatre.fr\/wp-content\/uploads\/2020\/11\/escadrille-1-651x1024.png\" alt=\"\" class=\"wp-image-408\" srcset=\"https:\/\/louatre.fr\/wp-content\/uploads\/2020\/11\/escadrille-1-651x1024.png 651w, https:\/\/louatre.fr\/wp-content\/uploads\/2020\/11\/escadrille-1-191x300.png 191w, https:\/\/louatre.fr\/wp-content\/uploads\/2020\/11\/escadrille-1-768x1208.png 768w, https:\/\/louatre.fr\/wp-content\/uploads\/2020\/11\/escadrille-1.png 945w\" sizes=\"(max-width: 651px) 100vw, 651px\" \/><\/figure>\n\n\n\n<figure class=\"wp-block-image size-large\"><img decoding=\"async\" loading=\"lazy\" width=\"651\" height=\"1024\" src=\"http:\/\/louatre.fr\/wp-content\/uploads\/2020\/11\/escadrille-2-651x1024.png\" alt=\"\" class=\"wp-image-407\" srcset=\"https:\/\/louatre.fr\/wp-content\/uploads\/2020\/11\/escadrille-2-651x1024.png 651w, https:\/\/louatre.fr\/wp-content\/uploads\/2020\/11\/escadrille-2-191x300.png 191w, https:\/\/louatre.fr\/wp-content\/uploads\/2020\/11\/escadrille-2-768x1208.png 768w, https:\/\/louatre.fr\/wp-content\/uploads\/2020\/11\/escadrille-2.png 945w\" sizes=\"(max-width: 651px) 100vw, 651px\" \/><\/figure>\n\n\n\n<figure class=\"wp-block-image size-large\"><img decoding=\"async\" loading=\"lazy\" width=\"651\" height=\"1024\" src=\"http:\/\/louatre.fr\/wp-content\/uploads\/2020\/11\/Escadrille-Chaudun-651x1024.png\" alt=\"\" class=\"wp-image-409\" srcset=\"https:\/\/louatre.fr\/wp-content\/uploads\/2020\/11\/Escadrille-Chaudun-651x1024.png 651w, https:\/\/louatre.fr\/wp-content\/uploads\/2020\/11\/Escadrille-Chaudun-191x300.png 191w, https:\/\/louatre.fr\/wp-content\/uploads\/2020\/11\/Escadrille-Chaudun-768x1208.png 768w, https:\/\/louatre.fr\/wp-content\/uploads\/2020\/11\/Escadrille-Chaudun.png 945w\" sizes=\"(max-width: 651px) 100vw, 651px\" \/><\/figure>\n","protected":false},"excerpt":{"rendered":"<p>Derri\u00e8re le monument au mort, il y a une st\u00e8le avec une plaque rappelant les combats en 1918 autour de Lou\u00e2tre. A la m\u00e9moire du sergent Dudley Gilman Tucker. Volontaire am\u00e9ricain \u00e0 l\u2019escadrille SPAD A5 Groupe 13, tomb\u00e9 glorieusement dans ce voisinage en combattant contre six avions ennemis le 8 Juillet 1918. Il a donn\u00e9 &hellip; <\/p>\n<p class=\"link-more\"><a href=\"https:\/\/louatre.fr\/?page_id=406\" class=\"more-link\">Continuer la lecture<span class=\"screen-reader-text\"> de &laquo;&nbsp;Dudley Gilman Tucker&nbsp;&raquo;<\/span><\/a><\/p>\n","protected":false},"author":1,"featured_media":0,"parent":0,"menu_order":0,"comment_status":"closed","ping_status":"closed","template":"","meta":{"footnotes":""},"aioseo_notices":[],"_links":{"self":[{"href":"https:\/\/louatre.fr\/index.php?rest_route=\/wp\/v2\/pages\/406"}],"collection":[{"href":"https:\/\/louatre.fr\/index.php?rest_route=\/wp\/v2\/pages"}],"about":[{"href":"https:\/\/louatre.fr\/index.php?rest_route=\/wp\/v2\/types\/page"}],"author":[{"embeddable":true,"href":"https:\/\/louatre.fr\/index.php?rest_route=\/wp\/v2\/users\/1"}],"replies":[{"embeddable":true,"href":"https:\/\/louatre.fr\/index.php?rest_route=%2Fwp%2Fv2%2Fcomments&post=406"}],"version-history":[{"count":2,"href":"https:\/\/louatre.fr\/index.php?rest_route=\/wp\/v2\/pages\/406\/revisions"}],"predecessor-version":[{"id":418,"href":"https:\/\/louatre.fr\/index.php?rest_route=\/wp\/v2\/pages\/406\/revisions\/418"}],"wp:attachment":[{"href":"https:\/\/louatre.fr\/index.php?rest_route=%2Fwp%2Fv2%2Fmedia&parent=406"}],"curies":[{"name":"wp","href":"https:\/\/api.w.org\/{rel}","templated":true}]}}