{"id":444,"date":"2020-12-03T12:00:44","date_gmt":"2020-12-03T11:00:44","guid":{"rendered":"http:\/\/louatre.fr\/?page_id=444"},"modified":"2022-04-25T11:01:07","modified_gmt":"2022-04-25T09:01:07","slug":"le-journal-de-louatre","status":"publish","type":"page","link":"https:\/\/louatre.fr\/?page_id=444","title":{"rendered":"Le journal de Lou\u00e2tre"},"content":{"rendered":"\n<p class=\"has-vivid-red-color has-text-color\"><em>Retrouvez le journal de Lou\u00e2tre \u00e0 t\u00e9l\u00e9charger au format pdf.<\/em><\/p>\n\n\n\n<p>N\u00b061 &#8211; MARS 2022<\/p>\n\n\n\n<div class=\"wp-block-file\"><a href=\"http:\/\/louatre.fr\/wp-content\/uploads\/2022\/04\/LE-JOURNAL-DE-LOUATRE-N\u00b061-V5_compressed.pdf\">LE-JOURNAL-DE-LOUATRE-N\u00b061-V5_compressed<\/a><a href=\"http:\/\/louatre.fr\/wp-content\/uploads\/2022\/04\/LE-JOURNAL-DE-LOUATRE-N\u00b061-V5_compressed.pdf\" class=\"wp-block-file__button\" download>T\u00e9l\u00e9charger<\/a><\/div>\n\n\n\n<p>N\u00b060 &#8211; NOVEMBRE 2021<\/p>\n\n\n\n<div class=\"wp-block-file\"><a href=\"http:\/\/louatre.fr\/wp-content\/uploads\/2021\/11\/JDL-60-COMPLET-OK.pdf\">JDL-60-COMPLET-OK<\/a><a href=\"http:\/\/louatre.fr\/wp-content\/uploads\/2021\/11\/JDL-60-COMPLET-OK.pdf\" class=\"wp-block-file__button\" download>T\u00e9l\u00e9charger<\/a><\/div>\n\n\n\n<p>N\u00b059 &#8211; JUIN 2021<\/p>\n\n\n\n<div class=\"wp-block-file\"><a href=\"http:\/\/louatre.fr\/wp-content\/uploads\/2021\/06\/JDL-59-juin-2021.pdf\">JDL-59-juin-2021<\/a><a href=\"http:\/\/louatre.fr\/wp-content\/uploads\/2021\/06\/JDL-59-juin-2021.pdf\" class=\"wp-block-file__button\" download>T\u00e9l\u00e9charger<\/a><\/div>\n\n\n\n<div class=\"wp-block-file\"><a href=\"http:\/\/louatre.fr\/wp-content\/uploads\/2021\/04\/N\u00b058-AVRIL-NOV-2020-2.pdf\">N\u00b058-AVRIL-NOV-2020-2<\/a><a href=\"http:\/\/louatre.fr\/wp-content\/uploads\/2021\/04\/N\u00b058-AVRIL-NOV-2020-2.pdf\" class=\"wp-block-file__button\" download>T\u00e9l\u00e9charger<\/a><\/div>\n\n\n\n<p><\/p>\n","protected":false},"excerpt":{"rendered":"<p>Retrouvez le journal de Lou\u00e2tre \u00e0 t\u00e9l\u00e9charger au format pdf. N\u00b061 &#8211; MARS 2022 N\u00b060 &#8211; NOVEMBRE 2021 N\u00b059 &#8211; JUIN 2021<\/p>\n","protected":false},"author":1,"featured_media":0,"parent":0,"menu_order":0,"comment_status":"closed","ping_status":"closed","template":"","meta":{"footnotes":""},"aioseo_notices":[],"_links":{"self":[{"href":"https:\/\/louatre.fr\/index.php?rest_route=\/wp\/v2\/pages\/444"}],"collection":[{"href":"https:\/\/louatre.fr\/index.php?rest_route=\/wp\/v2\/pages"}],"about":[{"href":"https:\/\/louatre.fr\/index.php?rest_route=\/wp\/v2\/types\/page"}],"author":[{"embeddable":true,"href":"https:\/\/louatre.fr\/index.php?rest_route=\/wp\/v2\/users\/1"}],"replies":[{"embeddable":true,"href":"https:\/\/louatre.fr\/index.php?rest_route=%2Fwp%2Fv2%2Fcomments&post=444"}],"version-history":[{"count":6,"href":"https:\/\/louatre.fr\/index.php?rest_route=\/wp\/v2\/pages\/444\/revisions"}],"predecessor-version":[{"id":757,"href":"https:\/\/louatre.fr\/index.php?rest_route=\/wp\/v2\/pages\/444\/revisions\/757"}],"wp:attachment":[{"href":"https:\/\/louatre.fr\/index.php?rest_route=%2Fwp%2Fv2%2Fmedia&parent=444"}],"curies":[{"name":"wp","href":"https:\/\/api.w.org\/{rel}","templated":true}]}}