{"id":518,"date":"2021-01-07T09:41:42","date_gmt":"2021-01-07T08:41:42","guid":{"rendered":"http:\/\/louatre.fr\/?page_id=518"},"modified":"2021-02-19T10:40:20","modified_gmt":"2021-02-19T09:40:20","slug":"louatre","status":"publish","type":"page","link":"https:\/\/louatre.fr\/?page_id=518","title":{"rendered":"Lou\u00e2tre."},"content":{"rendered":"\n<figure class=\"wp-block-image size-large\"><img decoding=\"async\" loading=\"lazy\" width=\"1024\" height=\"653\" src=\"http:\/\/louatre.fr\/wp-content\/uploads\/2021\/01\/IMG_4133-1024x653.png\" alt=\"\" class=\"wp-image-531\" srcset=\"https:\/\/louatre.fr\/wp-content\/uploads\/2021\/01\/IMG_4133-1024x653.png 1024w, https:\/\/louatre.fr\/wp-content\/uploads\/2021\/01\/IMG_4133-300x191.png 300w, https:\/\/louatre.fr\/wp-content\/uploads\/2021\/01\/IMG_4133-768x489.png 768w, https:\/\/louatre.fr\/wp-content\/uploads\/2021\/01\/IMG_4133-1536x979.png 1536w, https:\/\/louatre.fr\/wp-content\/uploads\/2021\/01\/IMG_4133.png 1643w\" sizes=\"(max-width: 767px) 89vw, (max-width: 1000px) 54vw, (max-width: 1071px) 543px, 580px\" \/><\/figure>\n\n\n\n<figure class=\"wp-block-image size-large\"><img decoding=\"async\" loading=\"lazy\" width=\"1024\" height=\"653\" src=\"http:\/\/louatre.fr\/wp-content\/uploads\/2021\/01\/Vue-densemble-2-1024x653.jpg\" alt=\"\" class=\"wp-image-533\" srcset=\"https:\/\/louatre.fr\/wp-content\/uploads\/2021\/01\/Vue-densemble-2-1024x653.jpg 1024w, https:\/\/louatre.fr\/wp-content\/uploads\/2021\/01\/Vue-densemble-2-300x191.jpg 300w, https:\/\/louatre.fr\/wp-content\/uploads\/2021\/01\/Vue-densemble-2-768x489.jpg 768w, https:\/\/louatre.fr\/wp-content\/uploads\/2021\/01\/Vue-densemble-2-1536x979.jpg 1536w, https:\/\/louatre.fr\/wp-content\/uploads\/2021\/01\/Vue-densemble-2.jpg 1643w\" sizes=\"(max-width: 767px) 89vw, (max-width: 1000px) 54vw, (max-width: 1071px) 543px, 580px\" \/><\/figure>\n\n\n\n<p>Il y avait un caf\u00e9-\u00e9picerie \u00e0 Lou\u00e2tre :<\/p>\n\n\n\n<figure class=\"wp-block-image size-large\"><img decoding=\"async\" loading=\"lazy\" width=\"954\" height=\"614\" src=\"http:\/\/louatre.fr\/wp-content\/uploads\/2021\/01\/la-place.png\" alt=\"\" class=\"wp-image-545\" srcset=\"https:\/\/louatre.fr\/wp-content\/uploads\/2021\/01\/la-place.png 954w, https:\/\/louatre.fr\/wp-content\/uploads\/2021\/01\/la-place-300x193.png 300w, https:\/\/louatre.fr\/wp-content\/uploads\/2021\/01\/la-place-768x494.png 768w\" sizes=\"(max-width: 767px) 89vw, (max-width: 1000px) 54vw, (max-width: 1071px) 543px, 580px\" \/><\/figure>\n\n\n\n<figure class=\"wp-block-image size-large\"><img decoding=\"async\" loading=\"lazy\" width=\"817\" height=\"517\" src=\"http:\/\/louatre.fr\/wp-content\/uploads\/2021\/01\/La-place-2.jpg\" alt=\"\" class=\"wp-image-546\" srcset=\"https:\/\/louatre.fr\/wp-content\/uploads\/2021\/01\/La-place-2.jpg 817w, https:\/\/louatre.fr\/wp-content\/uploads\/2021\/01\/La-place-2-300x190.jpg 300w, https:\/\/louatre.fr\/wp-content\/uploads\/2021\/01\/La-place-2-768x486.jpg 768w\" sizes=\"(max-width: 767px) 89vw, (max-width: 1000px) 54vw, (max-width: 1071px) 543px, 580px\" \/><\/figure>\n\n\n\n<figure class=\"wp-block-image size-large\"><img decoding=\"async\" loading=\"lazy\" width=\"1024\" height=\"655\" src=\"http:\/\/louatre.fr\/wp-content\/uploads\/2021\/01\/Maison-Perrier-1024x655.jpg\" alt=\"\" class=\"wp-image-547\" srcset=\"https:\/\/louatre.fr\/wp-content\/uploads\/2021\/01\/Maison-Perrier-1024x655.jpg 1024w, https:\/\/louatre.fr\/wp-content\/uploads\/2021\/01\/Maison-Perrier-300x192.jpg 300w, https:\/\/louatre.fr\/wp-content\/uploads\/2021\/01\/Maison-Perrier-768x492.jpg 768w, https:\/\/louatre.fr\/wp-content\/uploads\/2021\/01\/Maison-Perrier-1536x983.jpg 1536w, https:\/\/louatre.fr\/wp-content\/uploads\/2021\/01\/Maison-Perrier.jpg 1625w\" sizes=\"(max-width: 767px) 89vw, (max-width: 1000px) 54vw, (max-width: 1071px) 543px, 580px\" \/><\/figure>\n\n\n\n<figure class=\"wp-block-image size-large\"><img decoding=\"async\" loading=\"lazy\" width=\"1024\" height=\"672\" src=\"http:\/\/louatre.fr\/wp-content\/uploads\/2021\/01\/un-coin-de-la-place-1024x672.jpg\" alt=\"\" class=\"wp-image-548\" srcset=\"https:\/\/louatre.fr\/wp-content\/uploads\/2021\/01\/un-coin-de-la-place-1024x672.jpg 1024w, https:\/\/louatre.fr\/wp-content\/uploads\/2021\/01\/un-coin-de-la-place-300x197.jpg 300w, https:\/\/louatre.fr\/wp-content\/uploads\/2021\/01\/un-coin-de-la-place-768x504.jpg 768w, https:\/\/louatre.fr\/wp-content\/uploads\/2021\/01\/un-coin-de-la-place.jpg 1072w\" sizes=\"(max-width: 767px) 89vw, (max-width: 1000px) 54vw, (max-width: 1071px) 543px, 580px\" \/><\/figure>\n\n\n\n<figure class=\"wp-block-image size-large\"><img decoding=\"async\" loading=\"lazy\" width=\"1024\" height=\"671\" src=\"http:\/\/louatre.fr\/wp-content\/uploads\/2021\/01\/CAFE-LELIJOURS-1024x671.jpg\" alt=\"\" class=\"wp-image-550\" srcset=\"https:\/\/louatre.fr\/wp-content\/uploads\/2021\/01\/CAFE-LELIJOURS-1024x671.jpg 1024w, https:\/\/louatre.fr\/wp-content\/uploads\/2021\/01\/CAFE-LELIJOURS-300x197.jpg 300w, https:\/\/louatre.fr\/wp-content\/uploads\/2021\/01\/CAFE-LELIJOURS-768x504.jpg 768w, https:\/\/louatre.fr\/wp-content\/uploads\/2021\/01\/CAFE-LELIJOURS-1536x1007.jpg 1536w, https:\/\/louatre.fr\/wp-content\/uploads\/2021\/01\/CAFE-LELIJOURS.jpg 1551w\" sizes=\"(max-width: 767px) 89vw, (max-width: 1000px) 54vw, (max-width: 1071px) 543px, 580px\" \/><\/figure>\n\n\n\n<p>L&rsquo;\u00e9glise<\/p>\n\n\n\n<figure class=\"wp-block-image size-large\"><img decoding=\"async\" loading=\"lazy\" width=\"1024\" height=\"664\" src=\"http:\/\/louatre.fr\/wp-content\/uploads\/2021\/01\/Vue-de-le\u0301glise-1024x664.jpg\" alt=\"\" class=\"wp-image-570\" srcset=\"https:\/\/louatre.fr\/wp-content\/uploads\/2021\/01\/Vue-de-le\u0301glise-1024x664.jpg 1024w, https:\/\/louatre.fr\/wp-content\/uploads\/2021\/01\/Vue-de-le\u0301glise-300x194.jpg 300w, https:\/\/louatre.fr\/wp-content\/uploads\/2021\/01\/Vue-de-le\u0301glise-768x498.jpg 768w, https:\/\/louatre.fr\/wp-content\/uploads\/2021\/01\/Vue-de-le\u0301glise-1536x996.jpg 1536w, https:\/\/louatre.fr\/wp-content\/uploads\/2021\/01\/Vue-de-le\u0301glise.jpg 1623w\" sizes=\"(max-width: 767px) 89vw, (max-width: 1000px) 54vw, (max-width: 1071px) 543px, 580px\" \/><figcaption>Vers 1905<\/figcaption><\/figure>\n\n\n\n<figure class=\"wp-block-image size-large\"><img decoding=\"async\" loading=\"lazy\" width=\"658\" height=\"414\" src=\"http:\/\/louatre.fr\/wp-content\/uploads\/2021\/01\/Eglise-2.jpg\" alt=\"\" class=\"wp-image-573\" srcset=\"https:\/\/louatre.fr\/wp-content\/uploads\/2021\/01\/Eglise-2.jpg 658w, https:\/\/louatre.fr\/wp-content\/uploads\/2021\/01\/Eglise-2-300x189.jpg 300w\" sizes=\"(max-width: 658px) 100vw, 658px\" \/><figcaption>Avant la guerre de 14\/18<\/figcaption><\/figure>\n\n\n\n<figure class=\"wp-block-image size-large\"><img decoding=\"async\" loading=\"lazy\" width=\"631\" height=\"438\" src=\"http:\/\/louatre.fr\/wp-content\/uploads\/2021\/01\/Eglise.jpg\" alt=\"\" class=\"wp-image-574\" srcset=\"https:\/\/louatre.fr\/wp-content\/uploads\/2021\/01\/Eglise.jpg 631w, https:\/\/louatre.fr\/wp-content\/uploads\/2021\/01\/Eglise-300x208.jpg 300w\" sizes=\"(max-width: 631px) 100vw, 631px\" \/><figcaption>Avant la guerre de 14\/18<\/figcaption><\/figure>\n\n\n\n<figure class=\"wp-block-image size-large\"><img decoding=\"async\" loading=\"lazy\" width=\"960\" height=\"603\" src=\"http:\/\/louatre.fr\/wp-content\/uploads\/2021\/01\/Eglise-La-ruines.jpg\" alt=\"\" class=\"wp-image-572\" srcset=\"https:\/\/louatre.fr\/wp-content\/uploads\/2021\/01\/Eglise-La-ruines.jpg 960w, https:\/\/louatre.fr\/wp-content\/uploads\/2021\/01\/Eglise-La-ruines-300x188.jpg 300w, https:\/\/louatre.fr\/wp-content\/uploads\/2021\/01\/Eglise-La-ruines-768x482.jpg 768w\" sizes=\"(max-width: 767px) 89vw, (max-width: 1000px) 54vw, (max-width: 1071px) 543px, 580px\" \/><figcaption>Les ravages de la 1ere guerre mondiale<\/figcaption><\/figure>\n\n\n\n<figure class=\"wp-block-image size-large\"><img decoding=\"async\" loading=\"lazy\" width=\"960\" height=\"614\" src=\"http:\/\/louatre.fr\/wp-content\/uploads\/2021\/01\/Le-Quartier-de-lEglise.jpg\" alt=\"\" class=\"wp-image-571\" srcset=\"https:\/\/louatre.fr\/wp-content\/uploads\/2021\/01\/Le-Quartier-de-lEglise.jpg 960w, https:\/\/louatre.fr\/wp-content\/uploads\/2021\/01\/Le-Quartier-de-lEglise-300x192.jpg 300w, https:\/\/louatre.fr\/wp-content\/uploads\/2021\/01\/Le-Quartier-de-lEglise-768x491.jpg 768w\" sizes=\"(max-width: 767px) 89vw, (max-width: 1000px) 54vw, (max-width: 1071px) 543px, 580px\" \/><figcaption><em>Les ravages de la 1ere guerre mondiale<\/em><\/figcaption><\/figure>\n\n\n\n<figure class=\"wp-block-image size-large\"><img decoding=\"async\" loading=\"lazy\" width=\"1024\" height=\"650\" src=\"http:\/\/louatre.fr\/wp-content\/uploads\/2021\/01\/THE-CHURCH-1024x650.jpg\" alt=\"\" class=\"wp-image-586\" srcset=\"https:\/\/louatre.fr\/wp-content\/uploads\/2021\/01\/THE-CHURCH-1024x650.jpg 1024w, https:\/\/louatre.fr\/wp-content\/uploads\/2021\/01\/THE-CHURCH-300x190.jpg 300w, https:\/\/louatre.fr\/wp-content\/uploads\/2021\/01\/THE-CHURCH-768x488.jpg 768w, https:\/\/louatre.fr\/wp-content\/uploads\/2021\/01\/THE-CHURCH.jpg 1506w\" sizes=\"(max-width: 767px) 89vw, (max-width: 1000px) 54vw, (max-width: 1071px) 543px, 580px\" \/><figcaption>Les Ruines<\/figcaption><\/figure>\n\n\n\n<figure class=\"wp-block-image size-large\"><img decoding=\"async\" loading=\"lazy\" width=\"1024\" height=\"667\" src=\"http:\/\/louatre.fr\/wp-content\/uploads\/2021\/01\/Eglise-anne\u0301e-5060-1024x667.jpg\" alt=\"\" class=\"wp-image-575\" srcset=\"https:\/\/louatre.fr\/wp-content\/uploads\/2021\/01\/Eglise-anne\u0301e-5060-1024x667.jpg 1024w, https:\/\/louatre.fr\/wp-content\/uploads\/2021\/01\/Eglise-anne\u0301e-5060-300x195.jpg 300w, https:\/\/louatre.fr\/wp-content\/uploads\/2021\/01\/Eglise-anne\u0301e-5060-768x500.jpg 768w, https:\/\/louatre.fr\/wp-content\/uploads\/2021\/01\/Eglise-anne\u0301e-5060-1536x1000.jpg 1536w, https:\/\/louatre.fr\/wp-content\/uploads\/2021\/01\/Eglise-anne\u0301e-5060.jpg 1660w\" sizes=\"(max-width: 767px) 89vw, (max-width: 1000px) 54vw, (max-width: 1071px) 543px, 580px\" \/><figcaption>Dans les ann\u00e9es 60<\/figcaption><\/figure>\n\n\n\n<figure class=\"wp-block-image size-large\"><img decoding=\"async\" loading=\"lazy\" width=\"1024\" height=\"649\" src=\"http:\/\/louatre.fr\/wp-content\/uploads\/2021\/01\/EGLISE-SAINT-REMY-1024x649.jpg\" alt=\"\" class=\"wp-image-576\" srcset=\"https:\/\/louatre.fr\/wp-content\/uploads\/2021\/01\/EGLISE-SAINT-REMY-1024x649.jpg 1024w, https:\/\/louatre.fr\/wp-content\/uploads\/2021\/01\/EGLISE-SAINT-REMY-300x190.jpg 300w, https:\/\/louatre.fr\/wp-content\/uploads\/2021\/01\/EGLISE-SAINT-REMY-768x487.jpg 768w, https:\/\/louatre.fr\/wp-content\/uploads\/2021\/01\/EGLISE-SAINT-REMY.jpg 1519w\" sizes=\"(max-width: 767px) 89vw, (max-width: 1000px) 54vw, (max-width: 1071px) 543px, 580px\" \/><figcaption><em>Dans les ann\u00e9es 60<\/em><\/figcaption><\/figure>\n\n\n\n<p>La mairie<\/p>\n\n\n\n<figure class=\"wp-block-image size-large\"><img decoding=\"async\" loading=\"lazy\" width=\"990\" height=\"632\" src=\"http:\/\/louatre.fr\/wp-content\/uploads\/2021\/01\/Ecole-avant-1418.jpg\" alt=\"\" class=\"wp-image-578\" srcset=\"https:\/\/louatre.fr\/wp-content\/uploads\/2021\/01\/Ecole-avant-1418.jpg 990w, https:\/\/louatre.fr\/wp-content\/uploads\/2021\/01\/Ecole-avant-1418-300x192.jpg 300w, https:\/\/louatre.fr\/wp-content\/uploads\/2021\/01\/Ecole-avant-1418-768x490.jpg 768w\" sizes=\"(max-width: 767px) 89vw, (max-width: 1000px) 54vw, (max-width: 1071px) 543px, 580px\" \/><figcaption>Vers 1905<\/figcaption><\/figure>\n\n\n\n<figure class=\"wp-block-image size-large\"><img decoding=\"async\" loading=\"lazy\" width=\"853\" height=\"633\" src=\"http:\/\/louatre.fr\/wp-content\/uploads\/2021\/01\/EGLISE-ET-ANCIENNE-MAIRIE-1.jpg\" alt=\"\" class=\"wp-image-579\" srcset=\"https:\/\/louatre.fr\/wp-content\/uploads\/2021\/01\/EGLISE-ET-ANCIENNE-MAIRIE-1.jpg 853w, https:\/\/louatre.fr\/wp-content\/uploads\/2021\/01\/EGLISE-ET-ANCIENNE-MAIRIE-1-300x223.jpg 300w, https:\/\/louatre.fr\/wp-content\/uploads\/2021\/01\/EGLISE-ET-ANCIENNE-MAIRIE-1-768x570.jpg 768w\" sizes=\"(max-width: 767px) 89vw, (max-width: 1000px) 54vw, (max-width: 1071px) 543px, 580px\" \/><\/figure>\n\n\n\n<figure class=\"wp-block-image size-large\"><img decoding=\"async\" loading=\"lazy\" width=\"780\" height=\"512\" src=\"http:\/\/louatre.fr\/wp-content\/uploads\/2021\/01\/ECOLE-ET-EGLISE-2.jpg\" alt=\"\" class=\"wp-image-580\" srcset=\"https:\/\/louatre.fr\/wp-content\/uploads\/2021\/01\/ECOLE-ET-EGLISE-2.jpg 780w, https:\/\/louatre.fr\/wp-content\/uploads\/2021\/01\/ECOLE-ET-EGLISE-2-300x197.jpg 300w, https:\/\/louatre.fr\/wp-content\/uploads\/2021\/01\/ECOLE-ET-EGLISE-2-768x504.jpg 768w\" sizes=\"(max-width: 767px) 89vw, (max-width: 1000px) 54vw, (max-width: 1071px) 543px, 580px\" \/><figcaption>Vers 1910<\/figcaption><\/figure>\n\n\n\n\n\n<figure class=\"wp-block-image size-large\"><img decoding=\"async\" loading=\"lazy\" width=\"1024\" height=\"643\" src=\"http:\/\/louatre.fr\/wp-content\/uploads\/2021\/01\/Mairie-guerre-1418-1024x643.jpg\" alt=\"\" class=\"wp-image-581\" srcset=\"https:\/\/louatre.fr\/wp-content\/uploads\/2021\/01\/Mairie-guerre-1418-1024x643.jpg 1024w, https:\/\/louatre.fr\/wp-content\/uploads\/2021\/01\/Mairie-guerre-1418-300x188.jpg 300w, https:\/\/louatre.fr\/wp-content\/uploads\/2021\/01\/Mairie-guerre-1418-768x482.jpg 768w, https:\/\/louatre.fr\/wp-content\/uploads\/2021\/01\/Mairie-guerre-1418.jpg 1080w\" sizes=\"(max-width: 767px) 89vw, (max-width: 1000px) 54vw, (max-width: 1071px) 543px, 580px\" \/><figcaption>La nouvelle Mairie &#8211; Ecole, d\u00e9truite pendant la guerre 14\/18<\/figcaption><\/figure>\n\n\n\n<figure class=\"wp-block-image size-large\"><img decoding=\"async\" loading=\"lazy\" width=\"1024\" height=\"668\" src=\"http:\/\/louatre.fr\/wp-content\/uploads\/2021\/01\/Mairie-1024x668.jpg\" alt=\"\" class=\"wp-image-582\" srcset=\"https:\/\/louatre.fr\/wp-content\/uploads\/2021\/01\/Mairie-1024x668.jpg 1024w, https:\/\/louatre.fr\/wp-content\/uploads\/2021\/01\/Mairie-300x196.jpg 300w, https:\/\/louatre.fr\/wp-content\/uploads\/2021\/01\/Mairie-768x501.jpg 768w, https:\/\/louatre.fr\/wp-content\/uploads\/2021\/01\/Mairie.jpg 1522w\" sizes=\"(max-width: 767px) 89vw, (max-width: 1000px) 54vw, (max-width: 1071px) 543px, 580px\" \/><figcaption>Dans les ann\u00e9es 60<\/figcaption><\/figure>\n\n\n\n<figure class=\"wp-block-image size-large\"><img decoding=\"async\" loading=\"lazy\" width=\"804\" height=\"519\" src=\"http:\/\/louatre.fr\/wp-content\/uploads\/2021\/02\/Rue-de-villers-he\u0301lon.jpg\" alt=\"\" class=\"wp-image-592\" srcset=\"https:\/\/louatre.fr\/wp-content\/uploads\/2021\/02\/Rue-de-villers-he\u0301lon.jpg 804w, https:\/\/louatre.fr\/wp-content\/uploads\/2021\/02\/Rue-de-villers-he\u0301lon-300x194.jpg 300w, https:\/\/louatre.fr\/wp-content\/uploads\/2021\/02\/Rue-de-villers-he\u0301lon-768x496.jpg 768w\" sizes=\"(max-width: 767px) 89vw, (max-width: 1000px) 54vw, (max-width: 1071px) 543px, 580px\" \/><figcaption>La ferme Vielet au d\u00e9but de XXe si\u00e8cle<\/figcaption><\/figure>\n\n\n\n<figure class=\"wp-block-image size-large\"><img decoding=\"async\" loading=\"lazy\" width=\"955\" height=\"608\" src=\"http:\/\/louatre.fr\/wp-content\/uploads\/2021\/02\/la-petite-ferme.png\" alt=\"\" class=\"wp-image-594\" srcset=\"https:\/\/louatre.fr\/wp-content\/uploads\/2021\/02\/la-petite-ferme.png 955w, https:\/\/louatre.fr\/wp-content\/uploads\/2021\/02\/la-petite-ferme-300x191.png 300w, https:\/\/louatre.fr\/wp-content\/uploads\/2021\/02\/la-petite-ferme-768x489.png 768w\" sizes=\"(max-width: 767px) 89vw, (max-width: 1000px) 54vw, (max-width: 1071px) 543px, 580px\" \/><figcaption>Le manoir<\/figcaption><\/figure>\n\n\n\n<figure class=\"wp-block-image size-large\"><img decoding=\"async\" loading=\"lazy\" width=\"1024\" height=\"670\" src=\"http:\/\/louatre.fr\/wp-content\/uploads\/2021\/02\/Entre\u0301e-du-pays-route-venant-de-Corcy-1024x670.jpg\" alt=\"\" class=\"wp-image-595\" srcset=\"https:\/\/louatre.fr\/wp-content\/uploads\/2021\/02\/Entre\u0301e-du-pays-route-venant-de-Corcy-1024x670.jpg 1024w, https:\/\/louatre.fr\/wp-content\/uploads\/2021\/02\/Entre\u0301e-du-pays-route-venant-de-Corcy-300x196.jpg 300w, https:\/\/louatre.fr\/wp-content\/uploads\/2021\/02\/Entre\u0301e-du-pays-route-venant-de-Corcy-768x503.jpg 768w, https:\/\/louatre.fr\/wp-content\/uploads\/2021\/02\/Entre\u0301e-du-pays-route-venant-de-Corcy.jpg 1519w\" sizes=\"(max-width: 767px) 89vw, (max-width: 1000px) 54vw, (max-width: 1071px) 543px, 580px\" \/><\/figure>\n\n\n\n<figure class=\"wp-block-image size-large\"><img decoding=\"async\" loading=\"lazy\" width=\"1024\" height=\"636\" src=\"http:\/\/louatre.fr\/wp-content\/uploads\/2021\/02\/LA-PETITE-FERME-ANNEE-5060-2-1024x636.jpg\" alt=\"\" class=\"wp-image-596\" srcset=\"https:\/\/louatre.fr\/wp-content\/uploads\/2021\/02\/LA-PETITE-FERME-ANNEE-5060-2-1024x636.jpg 1024w, https:\/\/louatre.fr\/wp-content\/uploads\/2021\/02\/LA-PETITE-FERME-ANNEE-5060-2-300x186.jpg 300w, https:\/\/louatre.fr\/wp-content\/uploads\/2021\/02\/LA-PETITE-FERME-ANNEE-5060-2-768x477.jpg 768w, https:\/\/louatre.fr\/wp-content\/uploads\/2021\/02\/LA-PETITE-FERME-ANNEE-5060-2-1536x954.jpg 1536w, https:\/\/louatre.fr\/wp-content\/uploads\/2021\/02\/LA-PETITE-FERME-ANNEE-5060-2.jpg 1636w\" sizes=\"(max-width: 767px) 89vw, (max-width: 1000px) 54vw, (max-width: 1071px) 543px, 580px\" \/><\/figure>\n\n\n\n<figure class=\"wp-block-image size-large\"><img decoding=\"async\" loading=\"lazy\" width=\"813\" height=\"521\" src=\"http:\/\/louatre.fr\/wp-content\/uploads\/2021\/02\/le-monument-et-la-sortie-du-pays.jpg\" alt=\"\" class=\"wp-image-598\" srcset=\"https:\/\/louatre.fr\/wp-content\/uploads\/2021\/02\/le-monument-et-la-sortie-du-pays.jpg 813w, https:\/\/louatre.fr\/wp-content\/uploads\/2021\/02\/le-monument-et-la-sortie-du-pays-300x192.jpg 300w, https:\/\/louatre.fr\/wp-content\/uploads\/2021\/02\/le-monument-et-la-sortie-du-pays-768x492.jpg 768w\" sizes=\"(max-width: 767px) 89vw, (max-width: 1000px) 54vw, (max-width: 1071px) 543px, 580px\" \/><\/figure>\n\n\n\n<figure class=\"wp-block-image size-large\"><img decoding=\"async\" loading=\"lazy\" width=\"1024\" height=\"655\" src=\"http:\/\/louatre.fr\/wp-content\/uploads\/2021\/02\/Rue-de-Corcy-1024x655.jpg\" alt=\"\" class=\"wp-image-599\" srcset=\"https:\/\/louatre.fr\/wp-content\/uploads\/2021\/02\/Rue-de-Corcy-1024x655.jpg 1024w, https:\/\/louatre.fr\/wp-content\/uploads\/2021\/02\/Rue-de-Corcy-300x192.jpg 300w, https:\/\/louatre.fr\/wp-content\/uploads\/2021\/02\/Rue-de-Corcy-768x492.jpg 768w, https:\/\/louatre.fr\/wp-content\/uploads\/2021\/02\/Rue-de-Corcy-1536x983.jpg 1536w, https:\/\/louatre.fr\/wp-content\/uploads\/2021\/02\/Rue-de-Corcy.jpg 1600w\" sizes=\"(max-width: 767px) 89vw, (max-width: 1000px) 54vw, (max-width: 1071px) 543px, 580px\" \/><\/figure>\n","protected":false},"excerpt":{"rendered":"<p>Il y avait un caf\u00e9-\u00e9picerie \u00e0 Lou\u00e2tre : L&rsquo;\u00e9glise La mairie<\/p>\n","protected":false},"author":1,"featured_media":0,"parent":0,"menu_order":0,"comment_status":"closed","ping_status":"closed","template":"","meta":{"footnotes":""},"aioseo_notices":[],"_links":{"self":[{"href":"https:\/\/louatre.fr\/index.php?rest_route=\/wp\/v2\/pages\/518"}],"collection":[{"href":"https:\/\/louatre.fr\/index.php?rest_route=\/wp\/v2\/pages"}],"about":[{"href":"https:\/\/louatre.fr\/index.php?rest_route=\/wp\/v2\/types\/page"}],"author":[{"embeddable":true,"href":"https:\/\/louatre.fr\/index.php?rest_route=\/wp\/v2\/users\/1"}],"replies":[{"embeddable":true,"href":"https:\/\/louatre.fr\/index.php?rest_route=%2Fwp%2Fv2%2Fcomments&post=518"}],"version-history":[{"count":8,"href":"https:\/\/louatre.fr\/index.php?rest_route=\/wp\/v2\/pages\/518\/revisions"}],"predecessor-version":[{"id":600,"href":"https:\/\/louatre.fr\/index.php?rest_route=\/wp\/v2\/pages\/518\/revisions\/600"}],"wp:attachment":[{"href":"https:\/\/louatre.fr\/index.php?rest_route=%2Fwp%2Fv2%2Fmedia&parent=518"}],"curies":[{"name":"wp","href":"https:\/\/api.w.org\/{rel}","templated":true}]}}